{"id":685,"date":"2018-01-09T01:47:21","date_gmt":"2018-01-09T01:47:21","guid":{"rendered":"http:\/\/tufx-fort.com\/sites\/tufxfort\/?page_id=525"},"modified":"2018-12-05T00:55:13","modified_gmt":"2018-12-05T00:55:13","slug":"safety","status":"publish","type":"page","link":"https:\/\/tufx-fort.com\/sites\/tufxfort\/fr\/safety\/","title":{"rendered":"Safety"},"content":{"rendered":"<h1>Manutention s\u00e9curitaire d\u2019une brouette<\/h1>\n<div style=\"float: left; width: 45%;\">\nEn r\u00e8gle g\u00e9n\u00e9rale, les utilisateurs commerciaux et r\u00e9sidentiels se servent des brouettes de fa\u00e7on s\u00e9curitaire et efficace, car elles ne sont pas dot\u00e9es de pi\u00e8ces motoris\u00e9es ou de bords tranchants et sont simples \u00e0 utiliser. Toutefois, chez Tufx nous voulons nous assurer que les proc\u00e9dures de manutention les plus s\u00e9curitaires sont suivies par nos estim\u00e9s clients. Nous avons donc mis au point des m\u00e9thodes simples pour am\u00e9liorer votre exp\u00e9rience d\u2019utilisation et aussi aider \u00e0 \u00e9viter les accidents et les blessures. D\u00e8s que vous devez maintenir l\u2019\u00e9quilibre d\u2019une lourde charge sur une seule roue, vous devez pr\u00eater attention \u00e0 ce que vous faites. Puisqu\u2019il n\u2019y a pas de couvercle sur une brouette, certains utilisateurs pensent parfois qu\u2019ils peuvent la remplir tant que le mat\u00e9riau ne d\u00e9borde pas. Pourtant, le fait de surcharger une brouette est la m\u00e9thode la plus s\u00fbre pour qu\u2019on l\u2019\u00e9chappe. Suivez les consignes suivantes pour utiliser votre brouette TUFX en toute s\u00e9curit\u00e9 :<br \/>\n\u2022 Toujours remplir la brouette selon le poids que vous \u00eates capable de soulever et de porter dans une pente ou en tournant un coin. Ne jamais d\u00e9passer la charge maximale de la brouette utilis\u00e9e.<br \/>\n\u2022 Faire plusieurs voyages pour les gros volumes \u00e0 transporter.<br \/>\n\u2022 Lorsque vous soulevez ou abaissez les poign\u00e9es d\u2019une brouette, consid\u00e9rez la brouette comme n\u2019importe quelle autre lourde charge \u00e0 soulever. Gardez le dos droit et utilisez vos jambes pour soulever la brouette.<br \/>\n\u2022 \u00c9quilibrez la charge vers la roue pour \u00e9viter de renverser la brouette.<br \/>\n\u2022 \u00c9vitez d\u2019aller trop vite.<br \/>\n\u2022 Serrez bien les poign\u00e9es.<br \/>\n\u2022 Si vous ne ma\u00eetrisez plus la brouette, l\u00e2chez les poign\u00e9es et avertissez les autres en criant.<br \/>\n\u2022 N\u2019essayez pas de transporter des objets comme des planches avec une brouette. Utilisez un diable pour de longs objets ou des objets de forme irr\u00e9guli\u00e8re.<br \/>\n\u2022 Gardez bien lubrifi\u00e9es les roues des brouettes pour une utilisation plus facile.<br \/>\n\u2022 Rangez les brouettes ailleurs que dans les couloirs et les escaliers et loin du mat\u00e9riel d\u2019urgence. Il faut aussi entretenir votre brouette en v\u00e9rifiant les points d\u2019attache et les poign\u00e9es. Rangez votre brouette dans un endroit sec pendant les mois d\u2019hiver.\n<\/div>\n<div style=\"float: right; width: 55%;\">\n<\/div>\n","protected":false},"excerpt":{"rendered":"<p>Manutention s\u00e9curitaire d\u2019une brouette En r\u00e8gle g\u00e9n\u00e9rale, les utilisateurs commerciaux et r\u00e9sidentiels se servent des brouettes de fa\u00e7on s\u00e9curitaire et efficace, car elles ne sont pas dot\u00e9es de pi\u00e8ces motoris\u00e9es ou de bords tranchants et sont simples \u00e0 utiliser. Toutefois, chez Tufx nous voulons nous assurer que les proc\u00e9dures de\u2026<\/p>\n<p> <a class=\"continue-reading-link\" href=\"https:\/\/tufx-fort.com\/sites\/tufxfort\/fr\/safety\/\"><span>Continue reading<\/span><i class=\"crycon-right-dir\"><\/i><\/a> <\/p>\n","protected":false},"author":1,"featured_media":0,"parent":0,"menu_order":0,"comment_status":"closed","ping_status":"closed","template":"","meta":{"footnotes":""},"class_list":["post-685","page","type-page","status-publish","hentry"],"yoast_head":"<!-- This site is optimized with the Yoast SEO plugin v27.4 - https:\/\/yoast.com\/product\/yoast-seo-wordpress\/ -->\n<title>Safety - TUFX (fr)<\/title>\n<meta name=\"robots\" content=\"index, follow, max-snippet:-1, max-image-preview:large, max-video-preview:-1\" \/>\n<link rel=\"canonical\" href=\"https:\/\/tufx-fort.com\/sites\/tufxfort\/fr\/safety\/\" \/>\n<meta property=\"og:locale\" content=\"en_US\" \/>\n<meta property=\"og:type\" content=\"article\" \/>\n<meta property=\"og:title\" content=\"Safety - TUFX (fr)\" \/>\n<meta property=\"og:description\" content=\"Manutention s\u00e9curitaire d\u2019une brouette En r\u00e8gle g\u00e9n\u00e9rale, les utilisateurs commerciaux et r\u00e9sidentiels se servent des brouettes de fa\u00e7on s\u00e9curitaire et efficace, car elles ne sont pas dot\u00e9es de pi\u00e8ces motoris\u00e9es ou de bords tranchants et sont simples \u00e0 utiliser. Toutefois, chez Tufx nous voulons nous assurer que les proc\u00e9dures de\u2026 Continue reading\" \/>\n<meta property=\"og:url\" content=\"https:\/\/tufx-fort.com\/sites\/tufxfort\/fr\/safety\/\" \/>\n<meta property=\"og:site_name\" content=\"TUFX (fr)\" \/>\n<meta property=\"article:modified_time\" content=\"2018-12-05T00:55:13+00:00\" \/>\n<meta name=\"twitter:card\" content=\"summary_large_image\" \/>\n<meta name=\"twitter:label1\" content=\"Est. reading time\" \/>\n\t<meta name=\"twitter:data1\" content=\"2 minutes\" \/>\n<script type=\"application\/ld+json\" class=\"yoast-schema-graph\">{\"@context\":\"https:\\\/\\\/schema.org\",\"@graph\":[{\"@type\":\"WebPage\",\"@id\":\"https:\\\/\\\/tufx-fort.com\\\/sites\\\/tufxfort\\\/fr\\\/safety\\\/\",\"url\":\"https:\\\/\\\/tufx-fort.com\\\/sites\\\/tufxfort\\\/fr\\\/safety\\\/\",\"name\":\"Safety - TUFX (fr)\",\"isPartOf\":{\"@id\":\"https:\\\/\\\/tufx-fort.com\\\/sites\\\/tufxfort\\\/fr\\\/#website\"},\"datePublished\":\"2018-01-09T01:47:21+00:00\",\"dateModified\":\"2018-12-05T00:55:13+00:00\",\"breadcrumb\":{\"@id\":\"https:\\\/\\\/tufx-fort.com\\\/sites\\\/tufxfort\\\/fr\\\/safety\\\/#breadcrumb\"},\"inLanguage\":\"en-US\",\"potentialAction\":[{\"@type\":\"ReadAction\",\"target\":[\"https:\\\/\\\/tufx-fort.com\\\/sites\\\/tufxfort\\\/fr\\\/safety\\\/\"]}]},{\"@type\":\"BreadcrumbList\",\"@id\":\"https:\\\/\\\/tufx-fort.com\\\/sites\\\/tufxfort\\\/fr\\\/safety\\\/#breadcrumb\",\"itemListElement\":[{\"@type\":\"ListItem\",\"position\":1,\"name\":\"Home\",\"item\":\"https:\\\/\\\/tufx-fort.com\\\/sites\\\/tufxfort\\\/fr\\\/\"},{\"@type\":\"ListItem\",\"position\":2,\"name\":\"Safety\"}]},{\"@type\":\"WebSite\",\"@id\":\"https:\\\/\\\/tufx-fort.com\\\/sites\\\/tufxfort\\\/fr\\\/#website\",\"url\":\"https:\\\/\\\/tufx-fort.com\\\/sites\\\/tufxfort\\\/fr\\\/\",\"name\":\"TUFX (fr)\",\"description\":\"Con\u00e7ues pour le travail\",\"potentialAction\":[{\"@type\":\"SearchAction\",\"target\":{\"@type\":\"EntryPoint\",\"urlTemplate\":\"https:\\\/\\\/tufx-fort.com\\\/sites\\\/tufxfort\\\/fr\\\/?s={search_term_string}\"},\"query-input\":{\"@type\":\"PropertyValueSpecification\",\"valueRequired\":true,\"valueName\":\"search_term_string\"}}],\"inLanguage\":\"en-US\"}]}<\/script>\n<!-- \/ Yoast SEO plugin. -->","yoast_head_json":{"title":"Safety - TUFX (fr)","robots":{"index":"index","follow":"follow","max-snippet":"max-snippet:-1","max-image-preview":"max-image-preview:large","max-video-preview":"max-video-preview:-1"},"canonical":"https:\/\/tufx-fort.com\/sites\/tufxfort\/fr\/safety\/","og_locale":"en_US","og_type":"article","og_title":"Safety - TUFX (fr)","og_description":"Manutention s\u00e9curitaire d\u2019une brouette En r\u00e8gle g\u00e9n\u00e9rale, les utilisateurs commerciaux et r\u00e9sidentiels se servent des brouettes de fa\u00e7on s\u00e9curitaire et efficace, car elles ne sont pas dot\u00e9es de pi\u00e8ces motoris\u00e9es ou de bords tranchants et sont simples \u00e0 utiliser. Toutefois, chez Tufx nous voulons nous assurer que les proc\u00e9dures de\u2026 Continue reading","og_url":"https:\/\/tufx-fort.com\/sites\/tufxfort\/fr\/safety\/","og_site_name":"TUFX (fr)","article_modified_time":"2018-12-05T00:55:13+00:00","twitter_card":"summary_large_image","twitter_misc":{"Est. reading time":"2 minutes"},"schema":{"@context":"https:\/\/schema.org","@graph":[{"@type":"WebPage","@id":"https:\/\/tufx-fort.com\/sites\/tufxfort\/fr\/safety\/","url":"https:\/\/tufx-fort.com\/sites\/tufxfort\/fr\/safety\/","name":"Safety - TUFX (fr)","isPartOf":{"@id":"https:\/\/tufx-fort.com\/sites\/tufxfort\/fr\/#website"},"datePublished":"2018-01-09T01:47:21+00:00","dateModified":"2018-12-05T00:55:13+00:00","breadcrumb":{"@id":"https:\/\/tufx-fort.com\/sites\/tufxfort\/fr\/safety\/#breadcrumb"},"inLanguage":"en-US","potentialAction":[{"@type":"ReadAction","target":["https:\/\/tufx-fort.com\/sites\/tufxfort\/fr\/safety\/"]}]},{"@type":"BreadcrumbList","@id":"https:\/\/tufx-fort.com\/sites\/tufxfort\/fr\/safety\/#breadcrumb","itemListElement":[{"@type":"ListItem","position":1,"name":"Home","item":"https:\/\/tufx-fort.com\/sites\/tufxfort\/fr\/"},{"@type":"ListItem","position":2,"name":"Safety"}]},{"@type":"WebSite","@id":"https:\/\/tufx-fort.com\/sites\/tufxfort\/fr\/#website","url":"https:\/\/tufx-fort.com\/sites\/tufxfort\/fr\/","name":"TUFX (fr)","description":"Con\u00e7ues pour le travail","potentialAction":[{"@type":"SearchAction","target":{"@type":"EntryPoint","urlTemplate":"https:\/\/tufx-fort.com\/sites\/tufxfort\/fr\/?s={search_term_string}"},"query-input":{"@type":"PropertyValueSpecification","valueRequired":true,"valueName":"search_term_string"}}],"inLanguage":"en-US"}]}},"_links":{"self":[{"href":"https:\/\/tufx-fort.com\/sites\/tufxfort\/fr\/wp-json\/wp\/v2\/pages\/685","targetHints":{"allow":["GET"]}}],"collection":[{"href":"https:\/\/tufx-fort.com\/sites\/tufxfort\/fr\/wp-json\/wp\/v2\/pages"}],"about":[{"href":"https:\/\/tufx-fort.com\/sites\/tufxfort\/fr\/wp-json\/wp\/v2\/types\/page"}],"author":[{"embeddable":true,"href":"https:\/\/tufx-fort.com\/sites\/tufxfort\/fr\/wp-json\/wp\/v2\/users\/1"}],"replies":[{"embeddable":true,"href":"https:\/\/tufx-fort.com\/sites\/tufxfort\/fr\/wp-json\/wp\/v2\/comments?post=685"}],"version-history":[{"count":1,"href":"https:\/\/tufx-fort.com\/sites\/tufxfort\/fr\/wp-json\/wp\/v2\/pages\/685\/revisions"}],"predecessor-version":[{"id":722,"href":"https:\/\/tufx-fort.com\/sites\/tufxfort\/fr\/wp-json\/wp\/v2\/pages\/685\/revisions\/722"}],"wp:attachment":[{"href":"https:\/\/tufx-fort.com\/sites\/tufxfort\/fr\/wp-json\/wp\/v2\/media?parent=685"}],"curies":[{"name":"wp","href":"https:\/\/api.w.org\/{rel}","templated":true}]}}