{"id":56,"date":"2017-09-21T20:03:06","date_gmt":"2017-09-21T20:03:06","guid":{"rendered":"http:\/\/thatsclever.ca\/tufx\/?page_id=56"},"modified":"2021-02-18T18:29:51","modified_gmt":"2021-02-18T18:29:51","slug":"pot-mover","status":"publish","type":"page","link":"https:\/\/tufx-fort.com\/sites\/tufxfort\/fr\/products\/pot-mover\/","title":{"rendered":"Pot Mover"},"content":{"rendered":"<div style=\"float: left; width: 45%;\">\n<h1>Diable Pour Pots<\/h1>\n<p><strong>Votre diable pour pots vous permet de modifier souvent l\u2019aspect de votre jardin.<\/strong><\/p>\n<ul>\n<li>D\u00e9place facilement tous les pots de plante<\/li>\n<li>Qualit\u00e9 TUFX ultra fiable<\/li>\n<li>Convient \u00e0 presque toutes les formes de pots<\/li>\n<li>Utilisable sur tous les types de terrain<\/li>\n<li>Pour des pots de plante pesant jusqu\u2019\u00e0 50 kg<\/li>\n<li>R\u00e9sistant aux \u00e9l\u00e9ments et imperm\u00e9able \u00e0 l\u2019eau<\/li>\n<li>Simplicit\u00e9 d\u2019utiliser<\/li>\n<li>Simplicit\u00e9 de rangement<\/li>\n<li>Mod\u00e8le compact et attrayant<\/li>\n<li>D\u00e9place toutes sortes d\u2019objets lourds<\/li>\n<\/ul>\n<p>Ce produit n\u2019est pas encore offert aux \u00c9tats-Unis.<\/p>\n<p><a href=\"https:\/\/www.amazon.ca\/Tufx-Pot-Mover\/dp\/B00P1Q4QCQ\/ref=sr_1_11?keywords=tufx&amp;qid=1552572341&amp;s=gateway&amp;sr=8-11\" target=\"_blank\" rel=\"noopener\"><img loading=\"lazy\" decoding=\"async\" class=\"alignnone size-full wp-image-623\" src=\"https:\/\/tufx-fort.com\/sites\/tufxfort\/fr\/wp-content\/uploads\/2019\/03\/Tufxbuynowbuttonfrench.jpg\" alt=\"Buy Now on Amazon\" width=\"150\" height=\"60\"><\/a>\n<\/div>\n<div style=\"float: right; width: 55%;\">\n<a href=\"http:\/\/tufx-fort.com\/sites\/tufxfort\/fr\/wp-content\/uploads\/2019\/03\/potmovermain.jpg\"><img loading=\"lazy\" decoding=\"async\" src=\"http:\/\/tufx-fort.com\/sites\/tufxfort\/fr\/wp-content\/uploads\/2019\/03\/potmovermain.jpg\" alt=\"TUFX Pot Mover\" width=\"800\" height=\"457\" class=\"alignnone size-full wp-image-226\" \/><\/a>\n<\/div>\n","protected":false},"excerpt":{"rendered":"<p>Diable Pour Pots Votre diable pour pots vous permet de modifier souvent l\u2019aspect de votre jardin. D\u00e9place facilement tous les pots de plante Qualit\u00e9 TUFX ultra fiable Convient \u00e0 presque toutes les formes de pots Utilisable sur tous les types de terrain Pour des pots de plante pesant jusqu\u2019\u00e0 50\u2026<\/p>\n<p> <a class=\"continue-reading-link\" href=\"https:\/\/tufx-fort.com\/sites\/tufxfort\/fr\/products\/pot-mover\/\"><span>Continue reading<\/span><i class=\"crycon-right-dir\"><\/i><\/a> <\/p>\n","protected":false},"author":1,"featured_media":0,"parent":18,"menu_order":0,"comment_status":"closed","ping_status":"closed","template":"","meta":{"footnotes":""},"class_list":["post-56","page","type-page","status-publish","hentry"],"yoast_head":"<!-- This site is optimized with the Yoast SEO plugin v27.4 - https:\/\/yoast.com\/product\/yoast-seo-wordpress\/ -->\n<title>Pot Mover - TUFX (fr)<\/title>\n<meta name=\"robots\" content=\"index, follow, max-snippet:-1, max-image-preview:large, max-video-preview:-1\" \/>\n<link rel=\"canonical\" href=\"https:\/\/tufx-fort.com\/sites\/tufxfort\/fr\/products\/pot-mover\/\" \/>\n<meta property=\"og:locale\" content=\"en_US\" \/>\n<meta property=\"og:type\" content=\"article\" \/>\n<meta property=\"og:title\" content=\"Pot Mover - TUFX (fr)\" \/>\n<meta property=\"og:description\" content=\"Diable Pour Pots Votre diable pour pots vous permet de modifier souvent l\u2019aspect de votre jardin. D\u00e9place facilement tous les pots de plante Qualit\u00e9 TUFX ultra fiable Convient \u00e0 presque toutes les formes de pots Utilisable sur tous les types de terrain Pour des pots de plante pesant jusqu\u2019\u00e0 50\u2026 Continue reading\" \/>\n<meta property=\"og:url\" content=\"https:\/\/tufx-fort.com\/sites\/tufxfort\/fr\/products\/pot-mover\/\" \/>\n<meta property=\"og:site_name\" content=\"TUFX (fr)\" \/>\n<meta property=\"article:modified_time\" content=\"2021-02-18T18:29:51+00:00\" \/>\n<meta property=\"og:image\" content=\"https:\/\/tufx-fort.com\/sites\/tufxfort\/fr\/wp-content\/uploads\/2019\/03\/Tufxbuynowbuttonfrench.jpg\" \/>\n<meta name=\"twitter:card\" content=\"summary_large_image\" \/>\n<script type=\"application\/ld+json\" class=\"yoast-schema-graph\">{\"@context\":\"https:\\\/\\\/schema.org\",\"@graph\":[{\"@type\":\"WebPage\",\"@id\":\"https:\\\/\\\/tufx-fort.com\\\/sites\\\/tufxfort\\\/fr\\\/products\\\/pot-mover\\\/\",\"url\":\"https:\\\/\\\/tufx-fort.com\\\/sites\\\/tufxfort\\\/fr\\\/products\\\/pot-mover\\\/\",\"name\":\"Pot Mover - TUFX (fr)\",\"isPartOf\":{\"@id\":\"https:\\\/\\\/tufx-fort.com\\\/sites\\\/tufxfort\\\/fr\\\/#website\"},\"primaryImageOfPage\":{\"@id\":\"https:\\\/\\\/tufx-fort.com\\\/sites\\\/tufxfort\\\/fr\\\/products\\\/pot-mover\\\/#primaryimage\"},\"image\":{\"@id\":\"https:\\\/\\\/tufx-fort.com\\\/sites\\\/tufxfort\\\/fr\\\/products\\\/pot-mover\\\/#primaryimage\"},\"thumbnailUrl\":\"https:\\\/\\\/tufx-fort.com\\\/sites\\\/tufxfort\\\/fr\\\/wp-content\\\/uploads\\\/2019\\\/03\\\/Tufxbuynowbuttonfrench.jpg\",\"datePublished\":\"2017-09-21T20:03:06+00:00\",\"dateModified\":\"2021-02-18T18:29:51+00:00\",\"breadcrumb\":{\"@id\":\"https:\\\/\\\/tufx-fort.com\\\/sites\\\/tufxfort\\\/fr\\\/products\\\/pot-mover\\\/#breadcrumb\"},\"inLanguage\":\"en-US\",\"potentialAction\":[{\"@type\":\"ReadAction\",\"target\":[\"https:\\\/\\\/tufx-fort.com\\\/sites\\\/tufxfort\\\/fr\\\/products\\\/pot-mover\\\/\"]}]},{\"@type\":\"ImageObject\",\"inLanguage\":\"en-US\",\"@id\":\"https:\\\/\\\/tufx-fort.com\\\/sites\\\/tufxfort\\\/fr\\\/products\\\/pot-mover\\\/#primaryimage\",\"url\":\"https:\\\/\\\/tufx-fort.com\\\/sites\\\/tufxfort\\\/fr\\\/wp-content\\\/uploads\\\/2019\\\/03\\\/Tufxbuynowbuttonfrench.jpg\",\"contentUrl\":\"https:\\\/\\\/tufx-fort.com\\\/sites\\\/tufxfort\\\/fr\\\/wp-content\\\/uploads\\\/2019\\\/03\\\/Tufxbuynowbuttonfrench.jpg\",\"width\":150,\"height\":60},{\"@type\":\"BreadcrumbList\",\"@id\":\"https:\\\/\\\/tufx-fort.com\\\/sites\\\/tufxfort\\\/fr\\\/products\\\/pot-mover\\\/#breadcrumb\",\"itemListElement\":[{\"@type\":\"ListItem\",\"position\":1,\"name\":\"Home\",\"item\":\"https:\\\/\\\/tufx-fort.com\\\/sites\\\/tufxfort\\\/fr\\\/\"},{\"@type\":\"ListItem\",\"position\":2,\"name\":\"Products\",\"item\":\"https:\\\/\\\/tufx-fort.com\\\/sites\\\/tufxfort\\\/fr\\\/products\\\/\"},{\"@type\":\"ListItem\",\"position\":3,\"name\":\"Pot Mover\"}]},{\"@type\":\"WebSite\",\"@id\":\"https:\\\/\\\/tufx-fort.com\\\/sites\\\/tufxfort\\\/fr\\\/#website\",\"url\":\"https:\\\/\\\/tufx-fort.com\\\/sites\\\/tufxfort\\\/fr\\\/\",\"name\":\"TUFX (fr)\",\"description\":\"Con\u00e7ues pour le travail\",\"potentialAction\":[{\"@type\":\"SearchAction\",\"target\":{\"@type\":\"EntryPoint\",\"urlTemplate\":\"https:\\\/\\\/tufx-fort.com\\\/sites\\\/tufxfort\\\/fr\\\/?s={search_term_string}\"},\"query-input\":{\"@type\":\"PropertyValueSpecification\",\"valueRequired\":true,\"valueName\":\"search_term_string\"}}],\"inLanguage\":\"en-US\"}]}<\/script>\n<!-- \/ Yoast SEO plugin. -->","yoast_head_json":{"title":"Pot Mover - TUFX (fr)","robots":{"index":"index","follow":"follow","max-snippet":"max-snippet:-1","max-image-preview":"max-image-preview:large","max-video-preview":"max-video-preview:-1"},"canonical":"https:\/\/tufx-fort.com\/sites\/tufxfort\/fr\/products\/pot-mover\/","og_locale":"en_US","og_type":"article","og_title":"Pot Mover - TUFX (fr)","og_description":"Diable Pour Pots Votre diable pour pots vous permet de modifier souvent l\u2019aspect de votre jardin. D\u00e9place facilement tous les pots de plante Qualit\u00e9 TUFX ultra fiable Convient \u00e0 presque toutes les formes de pots Utilisable sur tous les types de terrain Pour des pots de plante pesant jusqu\u2019\u00e0 50\u2026 Continue reading","og_url":"https:\/\/tufx-fort.com\/sites\/tufxfort\/fr\/products\/pot-mover\/","og_site_name":"TUFX (fr)","article_modified_time":"2021-02-18T18:29:51+00:00","og_image":[{"url":"https:\/\/tufx-fort.com\/sites\/tufxfort\/fr\/wp-content\/uploads\/2019\/03\/Tufxbuynowbuttonfrench.jpg","type":"","width":"","height":""}],"twitter_card":"summary_large_image","schema":{"@context":"https:\/\/schema.org","@graph":[{"@type":"WebPage","@id":"https:\/\/tufx-fort.com\/sites\/tufxfort\/fr\/products\/pot-mover\/","url":"https:\/\/tufx-fort.com\/sites\/tufxfort\/fr\/products\/pot-mover\/","name":"Pot Mover - TUFX (fr)","isPartOf":{"@id":"https:\/\/tufx-fort.com\/sites\/tufxfort\/fr\/#website"},"primaryImageOfPage":{"@id":"https:\/\/tufx-fort.com\/sites\/tufxfort\/fr\/products\/pot-mover\/#primaryimage"},"image":{"@id":"https:\/\/tufx-fort.com\/sites\/tufxfort\/fr\/products\/pot-mover\/#primaryimage"},"thumbnailUrl":"https:\/\/tufx-fort.com\/sites\/tufxfort\/fr\/wp-content\/uploads\/2019\/03\/Tufxbuynowbuttonfrench.jpg","datePublished":"2017-09-21T20:03:06+00:00","dateModified":"2021-02-18T18:29:51+00:00","breadcrumb":{"@id":"https:\/\/tufx-fort.com\/sites\/tufxfort\/fr\/products\/pot-mover\/#breadcrumb"},"inLanguage":"en-US","potentialAction":[{"@type":"ReadAction","target":["https:\/\/tufx-fort.com\/sites\/tufxfort\/fr\/products\/pot-mover\/"]}]},{"@type":"ImageObject","inLanguage":"en-US","@id":"https:\/\/tufx-fort.com\/sites\/tufxfort\/fr\/products\/pot-mover\/#primaryimage","url":"https:\/\/tufx-fort.com\/sites\/tufxfort\/fr\/wp-content\/uploads\/2019\/03\/Tufxbuynowbuttonfrench.jpg","contentUrl":"https:\/\/tufx-fort.com\/sites\/tufxfort\/fr\/wp-content\/uploads\/2019\/03\/Tufxbuynowbuttonfrench.jpg","width":150,"height":60},{"@type":"BreadcrumbList","@id":"https:\/\/tufx-fort.com\/sites\/tufxfort\/fr\/products\/pot-mover\/#breadcrumb","itemListElement":[{"@type":"ListItem","position":1,"name":"Home","item":"https:\/\/tufx-fort.com\/sites\/tufxfort\/fr\/"},{"@type":"ListItem","position":2,"name":"Products","item":"https:\/\/tufx-fort.com\/sites\/tufxfort\/fr\/products\/"},{"@type":"ListItem","position":3,"name":"Pot Mover"}]},{"@type":"WebSite","@id":"https:\/\/tufx-fort.com\/sites\/tufxfort\/fr\/#website","url":"https:\/\/tufx-fort.com\/sites\/tufxfort\/fr\/","name":"TUFX (fr)","description":"Con\u00e7ues pour le travail","potentialAction":[{"@type":"SearchAction","target":{"@type":"EntryPoint","urlTemplate":"https:\/\/tufx-fort.com\/sites\/tufxfort\/fr\/?s={search_term_string}"},"query-input":{"@type":"PropertyValueSpecification","valueRequired":true,"valueName":"search_term_string"}}],"inLanguage":"en-US"}]}},"_links":{"self":[{"href":"https:\/\/tufx-fort.com\/sites\/tufxfort\/fr\/wp-json\/wp\/v2\/pages\/56","targetHints":{"allow":["GET"]}}],"collection":[{"href":"https:\/\/tufx-fort.com\/sites\/tufxfort\/fr\/wp-json\/wp\/v2\/pages"}],"about":[{"href":"https:\/\/tufx-fort.com\/sites\/tufxfort\/fr\/wp-json\/wp\/v2\/types\/page"}],"author":[{"embeddable":true,"href":"https:\/\/tufx-fort.com\/sites\/tufxfort\/fr\/wp-json\/wp\/v2\/users\/1"}],"replies":[{"embeddable":true,"href":"https:\/\/tufx-fort.com\/sites\/tufxfort\/fr\/wp-json\/wp\/v2\/comments?post=56"}],"version-history":[{"count":4,"href":"https:\/\/tufx-fort.com\/sites\/tufxfort\/fr\/wp-json\/wp\/v2\/pages\/56\/revisions"}],"predecessor-version":[{"id":909,"href":"https:\/\/tufx-fort.com\/sites\/tufxfort\/fr\/wp-json\/wp\/v2\/pages\/56\/revisions\/909"}],"up":[{"embeddable":true,"href":"https:\/\/tufx-fort.com\/sites\/tufxfort\/fr\/wp-json\/wp\/v2\/pages\/18"}],"wp:attachment":[{"href":"https:\/\/tufx-fort.com\/sites\/tufxfort\/fr\/wp-json\/wp\/v2\/media?parent=56"}],"curies":[{"name":"wp","href":"https:\/\/api.w.org\/{rel}","templated":true}]}}