{"id":54,"date":"2017-09-21T20:02:50","date_gmt":"2017-09-21T20:02:50","guid":{"rendered":"http:\/\/thatsclever.ca\/tufx\/?page_id=54"},"modified":"2021-05-26T14:52:28","modified_gmt":"2021-05-26T14:52:28","slug":"cement-mixer","status":"publish","type":"page","link":"https:\/\/tufx-fort.com\/sites\/tufxfort\/fr\/products\/cement-mixer\/","title":{"rendered":"Cement Mixer"},"content":{"rendered":"<div style=\"float: left; width: 45%;\">\n<h1>B\u00e9tonni\u00e8re<\/h1>\n<p><strong>Le choix des professionnels pour un malaxage rapide et efficace.<\/strong><\/p>\n<p>Volume : 4,5 pi. cu.\/135 l<br \/>\nPoids : 127 lb\/58 kg<br \/>\nPuissance du moteur : 115 V\/60 Hz, monophas\u00e9<\/p>\n<ul>\n<li>Malaxage de b\u00e9ton, de ciment et de mortier<\/li>\n<li>Volant d\u2019op\u00e9rateur facile d\u2019emploi 360\u00ba \u00e0 7 positions<\/li>\n<li>Lames d\u2019acier de duret\u00e9 Brinell con\u00e7u sp\u00e9cialement pour obtenir un malaxage en deux minutes<\/li>\n<li>Moteur de 4,0 A \u00e0 couple \u00e9lev\u00e9<\/li>\n<li>Pattes d&#8217;acier repliables pratiques pour l\u2019entreposage<\/li>\n<li>Syst\u00e8me d\u2019entra\u00eenement r\u00e9glable en acier coul\u00e9<\/li>\n<li>Montage sommaire n\u00e9cessaire<\/li>\n<\/ul>\n<\/div>\n<div style=\"float: right; width: 55%;\"><a title=\"BI135F Cement Mixer\" href=\"http:\/\/tufx-fort.com\/sites\/tufxfort\/wp-content\/uploads\/2017\/09\/cementmixer-1.jpg\"><img loading=\"lazy\" decoding=\"async\" class=\"alignnone size-full wp-image-223\" src=\"http:\/\/tufx-fort.com\/sites\/tufxfort\/wp-content\/uploads\/2017\/09\/cementmixer-1.jpg\" alt=\"TUFX Cement Mixer\" width=\"800\" height=\"457\"><\/a><\/div>\n<div style=\"clear: both;\">\n<p><a href=\"http:\/\/tufx-fort.com\/sites\/tufxfort\/fr\/wp-content\/uploads\/2019\/01\/TUFX-Cement-Mixer-FR.pdf\" target=\"_blank\" rel=\"noopener\"><img loading=\"lazy\" decoding=\"async\" class=\"alignnone size-full wp-image-801\" src=\"http:\/\/tufx-fort.com\/sites\/tufxfort\/fr\/wp-content\/uploads\/2019\/01\/linksellsheetcementmixerfr.jpg\" alt=\"TUFX cement mixer sell sheet download\" width=\"155\" height=\"200\" srcset=\"https:\/\/tufx-fort.com\/sites\/tufxfort\/fr\/wp-content\/uploads\/2019\/01\/linksellsheetcementmixerfr.jpg 155w, https:\/\/tufx-fort.com\/sites\/tufxfort\/fr\/wp-content\/uploads\/2019\/01\/linksellsheetcementmixerfr-116x150.jpg 116w\" sizes=\"auto, (max-width: 155px) 100vw, 155px\" \/><\/a> <a href=\"https:\/\/tufx-fort.com\/sites\/tufxfort\/fr\/wp-content\/uploads\/2021\/05\/BI135F_Cement_Mixer_French.pdf\" rel=\"noopener\" target=\"_blank\"><img loading=\"lazy\" decoding=\"async\" src=\"https:\/\/tufx-fort.com\/sites\/tufxfort\/fr\/wp-content\/uploads\/2021\/05\/linkinstructionscementmixerfrench.jpg\" alt=\"TUFX cement mixer instructions download\" width=\"155\" height=\"200\" class=\"alignnone size-full wp-image-916\" srcset=\"https:\/\/tufx-fort.com\/sites\/tufxfort\/fr\/wp-content\/uploads\/2021\/05\/linkinstructionscementmixerfrench.jpg 155w, https:\/\/tufx-fort.com\/sites\/tufxfort\/fr\/wp-content\/uploads\/2021\/05\/linkinstructionscementmixerfrench-116x150.jpg 116w\" sizes=\"auto, (max-width: 155px) 100vw, 155px\" \/><\/a><\/p>\n<\/div>\n","protected":false},"excerpt":{"rendered":"<p>B\u00e9tonni\u00e8re Le choix des professionnels pour un malaxage rapide et efficace. Volume : 4,5 pi. cu.\/135 l Poids : 127 lb\/58 kg Puissance du moteur : 115 V\/60 Hz, monophas\u00e9 Malaxage de b\u00e9ton, de ciment et de mortier Volant d\u2019op\u00e9rateur facile d\u2019emploi 360\u00ba \u00e0 7 positions Lames d\u2019acier de duret\u00e9\u2026<\/p>\n<p> <a class=\"continue-reading-link\" href=\"https:\/\/tufx-fort.com\/sites\/tufxfort\/fr\/products\/cement-mixer\/\"><span>Continue reading<\/span><i class=\"crycon-right-dir\"><\/i><\/a> <\/p>\n","protected":false},"author":1,"featured_media":0,"parent":18,"menu_order":0,"comment_status":"closed","ping_status":"closed","template":"","meta":{"footnotes":""},"class_list":["post-54","page","type-page","status-publish","hentry"],"yoast_head":"<!-- This site is optimized with the Yoast SEO plugin v27.4 - https:\/\/yoast.com\/product\/yoast-seo-wordpress\/ -->\n<title>Cement Mixer - TUFX (fr)<\/title>\n<meta name=\"robots\" content=\"index, follow, max-snippet:-1, max-image-preview:large, max-video-preview:-1\" \/>\n<link rel=\"canonical\" href=\"https:\/\/tufx-fort.com\/sites\/tufxfort\/fr\/products\/cement-mixer\/\" \/>\n<meta property=\"og:locale\" content=\"en_US\" \/>\n<meta property=\"og:type\" content=\"article\" \/>\n<meta property=\"og:title\" content=\"Cement Mixer - TUFX (fr)\" \/>\n<meta property=\"og:description\" content=\"B\u00e9tonni\u00e8re Le choix des professionnels pour un malaxage rapide et efficace. Volume : 4,5 pi. cu.\/135 l Poids : 127 lb\/58 kg Puissance du moteur : 115 V\/60 Hz, monophas\u00e9 Malaxage de b\u00e9ton, de ciment et de mortier Volant d\u2019op\u00e9rateur facile d\u2019emploi 360\u00ba \u00e0 7 positions Lames d\u2019acier de duret\u00e9\u2026 Continue reading\" \/>\n<meta property=\"og:url\" content=\"https:\/\/tufx-fort.com\/sites\/tufxfort\/fr\/products\/cement-mixer\/\" \/>\n<meta property=\"og:site_name\" content=\"TUFX (fr)\" \/>\n<meta property=\"article:modified_time\" content=\"2021-05-26T14:52:28+00:00\" \/>\n<meta property=\"og:image\" content=\"http:\/\/tufx-fort.com\/sites\/tufxfort\/wp-content\/uploads\/2017\/09\/cementmixer-1.jpg\" \/>\n<meta name=\"twitter:card\" content=\"summary_large_image\" \/>\n<script type=\"application\/ld+json\" class=\"yoast-schema-graph\">{\"@context\":\"https:\\\/\\\/schema.org\",\"@graph\":[{\"@type\":\"WebPage\",\"@id\":\"https:\\\/\\\/tufx-fort.com\\\/sites\\\/tufxfort\\\/fr\\\/products\\\/cement-mixer\\\/\",\"url\":\"https:\\\/\\\/tufx-fort.com\\\/sites\\\/tufxfort\\\/fr\\\/products\\\/cement-mixer\\\/\",\"name\":\"Cement Mixer - TUFX (fr)\",\"isPartOf\":{\"@id\":\"https:\\\/\\\/tufx-fort.com\\\/sites\\\/tufxfort\\\/fr\\\/#website\"},\"primaryImageOfPage\":{\"@id\":\"https:\\\/\\\/tufx-fort.com\\\/sites\\\/tufxfort\\\/fr\\\/products\\\/cement-mixer\\\/#primaryimage\"},\"image\":{\"@id\":\"https:\\\/\\\/tufx-fort.com\\\/sites\\\/tufxfort\\\/fr\\\/products\\\/cement-mixer\\\/#primaryimage\"},\"thumbnailUrl\":\"http:\\\/\\\/tufx-fort.com\\\/sites\\\/tufxfort\\\/wp-content\\\/uploads\\\/2017\\\/09\\\/cementmixer-1.jpg\",\"datePublished\":\"2017-09-21T20:02:50+00:00\",\"dateModified\":\"2021-05-26T14:52:28+00:00\",\"breadcrumb\":{\"@id\":\"https:\\\/\\\/tufx-fort.com\\\/sites\\\/tufxfort\\\/fr\\\/products\\\/cement-mixer\\\/#breadcrumb\"},\"inLanguage\":\"en-US\",\"potentialAction\":[{\"@type\":\"ReadAction\",\"target\":[\"https:\\\/\\\/tufx-fort.com\\\/sites\\\/tufxfort\\\/fr\\\/products\\\/cement-mixer\\\/\"]}]},{\"@type\":\"ImageObject\",\"inLanguage\":\"en-US\",\"@id\":\"https:\\\/\\\/tufx-fort.com\\\/sites\\\/tufxfort\\\/fr\\\/products\\\/cement-mixer\\\/#primaryimage\",\"url\":\"http:\\\/\\\/tufx-fort.com\\\/sites\\\/tufxfort\\\/wp-content\\\/uploads\\\/2017\\\/09\\\/cementmixer-1.jpg\",\"contentUrl\":\"http:\\\/\\\/tufx-fort.com\\\/sites\\\/tufxfort\\\/wp-content\\\/uploads\\\/2017\\\/09\\\/cementmixer-1.jpg\"},{\"@type\":\"BreadcrumbList\",\"@id\":\"https:\\\/\\\/tufx-fort.com\\\/sites\\\/tufxfort\\\/fr\\\/products\\\/cement-mixer\\\/#breadcrumb\",\"itemListElement\":[{\"@type\":\"ListItem\",\"position\":1,\"name\":\"Home\",\"item\":\"https:\\\/\\\/tufx-fort.com\\\/sites\\\/tufxfort\\\/fr\\\/\"},{\"@type\":\"ListItem\",\"position\":2,\"name\":\"Products\",\"item\":\"https:\\\/\\\/tufx-fort.com\\\/sites\\\/tufxfort\\\/fr\\\/products\\\/\"},{\"@type\":\"ListItem\",\"position\":3,\"name\":\"Cement Mixer\"}]},{\"@type\":\"WebSite\",\"@id\":\"https:\\\/\\\/tufx-fort.com\\\/sites\\\/tufxfort\\\/fr\\\/#website\",\"url\":\"https:\\\/\\\/tufx-fort.com\\\/sites\\\/tufxfort\\\/fr\\\/\",\"name\":\"TUFX (fr)\",\"description\":\"Con\u00e7ues pour le travail\",\"potentialAction\":[{\"@type\":\"SearchAction\",\"target\":{\"@type\":\"EntryPoint\",\"urlTemplate\":\"https:\\\/\\\/tufx-fort.com\\\/sites\\\/tufxfort\\\/fr\\\/?s={search_term_string}\"},\"query-input\":{\"@type\":\"PropertyValueSpecification\",\"valueRequired\":true,\"valueName\":\"search_term_string\"}}],\"inLanguage\":\"en-US\"}]}<\/script>\n<!-- \/ Yoast SEO plugin. -->","yoast_head_json":{"title":"Cement Mixer - TUFX (fr)","robots":{"index":"index","follow":"follow","max-snippet":"max-snippet:-1","max-image-preview":"max-image-preview:large","max-video-preview":"max-video-preview:-1"},"canonical":"https:\/\/tufx-fort.com\/sites\/tufxfort\/fr\/products\/cement-mixer\/","og_locale":"en_US","og_type":"article","og_title":"Cement Mixer - TUFX (fr)","og_description":"B\u00e9tonni\u00e8re Le choix des professionnels pour un malaxage rapide et efficace. Volume : 4,5 pi. cu.\/135 l Poids : 127 lb\/58 kg Puissance du moteur : 115 V\/60 Hz, monophas\u00e9 Malaxage de b\u00e9ton, de ciment et de mortier Volant d\u2019op\u00e9rateur facile d\u2019emploi 360\u00ba \u00e0 7 positions Lames d\u2019acier de duret\u00e9\u2026 Continue reading","og_url":"https:\/\/tufx-fort.com\/sites\/tufxfort\/fr\/products\/cement-mixer\/","og_site_name":"TUFX (fr)","article_modified_time":"2021-05-26T14:52:28+00:00","og_image":[{"url":"http:\/\/tufx-fort.com\/sites\/tufxfort\/wp-content\/uploads\/2017\/09\/cementmixer-1.jpg","type":"","width":"","height":""}],"twitter_card":"summary_large_image","schema":{"@context":"https:\/\/schema.org","@graph":[{"@type":"WebPage","@id":"https:\/\/tufx-fort.com\/sites\/tufxfort\/fr\/products\/cement-mixer\/","url":"https:\/\/tufx-fort.com\/sites\/tufxfort\/fr\/products\/cement-mixer\/","name":"Cement Mixer - TUFX (fr)","isPartOf":{"@id":"https:\/\/tufx-fort.com\/sites\/tufxfort\/fr\/#website"},"primaryImageOfPage":{"@id":"https:\/\/tufx-fort.com\/sites\/tufxfort\/fr\/products\/cement-mixer\/#primaryimage"},"image":{"@id":"https:\/\/tufx-fort.com\/sites\/tufxfort\/fr\/products\/cement-mixer\/#primaryimage"},"thumbnailUrl":"http:\/\/tufx-fort.com\/sites\/tufxfort\/wp-content\/uploads\/2017\/09\/cementmixer-1.jpg","datePublished":"2017-09-21T20:02:50+00:00","dateModified":"2021-05-26T14:52:28+00:00","breadcrumb":{"@id":"https:\/\/tufx-fort.com\/sites\/tufxfort\/fr\/products\/cement-mixer\/#breadcrumb"},"inLanguage":"en-US","potentialAction":[{"@type":"ReadAction","target":["https:\/\/tufx-fort.com\/sites\/tufxfort\/fr\/products\/cement-mixer\/"]}]},{"@type":"ImageObject","inLanguage":"en-US","@id":"https:\/\/tufx-fort.com\/sites\/tufxfort\/fr\/products\/cement-mixer\/#primaryimage","url":"http:\/\/tufx-fort.com\/sites\/tufxfort\/wp-content\/uploads\/2017\/09\/cementmixer-1.jpg","contentUrl":"http:\/\/tufx-fort.com\/sites\/tufxfort\/wp-content\/uploads\/2017\/09\/cementmixer-1.jpg"},{"@type":"BreadcrumbList","@id":"https:\/\/tufx-fort.com\/sites\/tufxfort\/fr\/products\/cement-mixer\/#breadcrumb","itemListElement":[{"@type":"ListItem","position":1,"name":"Home","item":"https:\/\/tufx-fort.com\/sites\/tufxfort\/fr\/"},{"@type":"ListItem","position":2,"name":"Products","item":"https:\/\/tufx-fort.com\/sites\/tufxfort\/fr\/products\/"},{"@type":"ListItem","position":3,"name":"Cement Mixer"}]},{"@type":"WebSite","@id":"https:\/\/tufx-fort.com\/sites\/tufxfort\/fr\/#website","url":"https:\/\/tufx-fort.com\/sites\/tufxfort\/fr\/","name":"TUFX (fr)","description":"Con\u00e7ues pour le travail","potentialAction":[{"@type":"SearchAction","target":{"@type":"EntryPoint","urlTemplate":"https:\/\/tufx-fort.com\/sites\/tufxfort\/fr\/?s={search_term_string}"},"query-input":{"@type":"PropertyValueSpecification","valueRequired":true,"valueName":"search_term_string"}}],"inLanguage":"en-US"}]}},"_links":{"self":[{"href":"https:\/\/tufx-fort.com\/sites\/tufxfort\/fr\/wp-json\/wp\/v2\/pages\/54","targetHints":{"allow":["GET"]}}],"collection":[{"href":"https:\/\/tufx-fort.com\/sites\/tufxfort\/fr\/wp-json\/wp\/v2\/pages"}],"about":[{"href":"https:\/\/tufx-fort.com\/sites\/tufxfort\/fr\/wp-json\/wp\/v2\/types\/page"}],"author":[{"embeddable":true,"href":"https:\/\/tufx-fort.com\/sites\/tufxfort\/fr\/wp-json\/wp\/v2\/users\/1"}],"replies":[{"embeddable":true,"href":"https:\/\/tufx-fort.com\/sites\/tufxfort\/fr\/wp-json\/wp\/v2\/comments?post=54"}],"version-history":[{"count":5,"href":"https:\/\/tufx-fort.com\/sites\/tufxfort\/fr\/wp-json\/wp\/v2\/pages\/54\/revisions"}],"predecessor-version":[{"id":918,"href":"https:\/\/tufx-fort.com\/sites\/tufxfort\/fr\/wp-json\/wp\/v2\/pages\/54\/revisions\/918"}],"up":[{"embeddable":true,"href":"https:\/\/tufx-fort.com\/sites\/tufxfort\/fr\/wp-json\/wp\/v2\/pages\/18"}],"wp:attachment":[{"href":"https:\/\/tufx-fort.com\/sites\/tufxfort\/fr\/wp-json\/wp\/v2\/media?parent=54"}],"curies":[{"name":"wp","href":"https:\/\/api.w.org\/{rel}","templated":true}]}}