{"id":46,"date":"2017-09-21T19:28:45","date_gmt":"2017-09-21T19:28:45","guid":{"rendered":"http:\/\/thatsclever.ca\/tufx\/?page_id=46"},"modified":"2018-12-05T01:04:13","modified_gmt":"2018-12-05T01:04:13","slug":"contact","status":"publish","type":"page","link":"https:\/\/tufx-fort.com\/sites\/tufxfort\/fr\/contact\/","title":{"rendered":"Contact"},"content":{"rendered":"<h1>Nos coordonn\u00e9es<\/h1>\n<p>Si\u00e8ge social au 609 Colby Drive, Waterloo (Ontario) Canada N2V 1A1.<\/p>\n<p>Appelez-nous au (519) 746-1920<br \/>\nT\u00e9l\u00e9copieur : (519) 746-4900<br \/>\n<a href=\"mailto:support@tufx-fort.com\">Envoyez-nous un courriel.<\/a><\/p>\n<p><a href=\"https:\/\/www.facebook.com\/Tufx-Fort-Manufacturing-Inc-158241351408200\/\" target=\"_blank\" rel=\"noopener\"><img loading=\"lazy\" decoding=\"async\" class=\"alignnone size-full wp-image-516\" src=\"http:\/\/tufx-fort.com\/sites\/tufxfort\/wp-content\/uploads\/2018\/01\/facebooklogo.png\" alt=\"Tufx-Fort Facebook\" width=\"75\" height=\"75\"><\/a> <a href=\"https:\/\/twitter.com\/tufxfort?lang=en\" target=\"_blank\" rel=\"noopener\"><img loading=\"lazy\" decoding=\"async\" class=\"alignnone size-medium wp-image-517\" src=\"http:\/\/tufx-fort.com\/sites\/tufxfort\/wp-content\/uploads\/2018\/01\/twitterlogo.jpg\" alt=\"Tufx-Fort Twitter\" width=\"75\" height=\"75\"><\/a><\/p>\n<p><iframe loading=\"lazy\" style=\"border: 0;\" src=\"https:\/\/www.google.com\/maps\/embed?pb=!1m14!1m8!1m3!1d92620.2163354195!2d-80.543917!3d43.494371!3m2!1i1024!2i768!4f13.1!3m3!1m2!1s0x882bf3d7e8823fe7%3A0xc1b34410d54b1920!2s609+Colby+Dr%2C+Waterloo%2C+ON+N2V+1A1%2C+Canada!5e0!3m2!1sen!2sca!4v1506436586298\" allowfullscreen=\"allowfullscreen\" width=\"600\" height=\"450\" frameborder=\"0\"><\/iframe><\/p>\n","protected":false},"excerpt":{"rendered":"<p>Nos coordonn\u00e9es Si\u00e8ge social au 609 Colby Drive, Waterloo (Ontario) Canada N2V 1A1. Appelez-nous au (519) 746-1920 T\u00e9l\u00e9copieur : (519) 746-4900 Envoyez-nous un courriel.<\/p>\n<p> <a class=\"continue-reading-link\" href=\"https:\/\/tufx-fort.com\/sites\/tufxfort\/fr\/contact\/\"><span>Continue reading<\/span><i class=\"crycon-right-dir\"><\/i><\/a> <\/p>\n","protected":false},"author":1,"featured_media":0,"parent":0,"menu_order":0,"comment_status":"closed","ping_status":"closed","template":"","meta":{"footnotes":""},"class_list":["post-46","page","type-page","status-publish","hentry"],"yoast_head":"<!-- This site is optimized with the Yoast SEO plugin v27.4 - https:\/\/yoast.com\/product\/yoast-seo-wordpress\/ -->\n<title>Contact - TUFX (fr)<\/title>\n<meta name=\"robots\" content=\"index, follow, max-snippet:-1, max-image-preview:large, max-video-preview:-1\" \/>\n<link rel=\"canonical\" href=\"https:\/\/tufx-fort.com\/sites\/tufxfort\/fr\/contact\/\" \/>\n<meta property=\"og:locale\" content=\"en_US\" \/>\n<meta property=\"og:type\" content=\"article\" \/>\n<meta property=\"og:title\" content=\"Contact - TUFX (fr)\" \/>\n<meta property=\"og:description\" content=\"Nos coordonn\u00e9es Si\u00e8ge social au 609 Colby Drive, Waterloo (Ontario) Canada N2V 1A1. Appelez-nous au (519) 746-1920 T\u00e9l\u00e9copieur : (519) 746-4900 Envoyez-nous un courriel. Continue reading\" \/>\n<meta property=\"og:url\" content=\"https:\/\/tufx-fort.com\/sites\/tufxfort\/fr\/contact\/\" \/>\n<meta property=\"og:site_name\" content=\"TUFX (fr)\" \/>\n<meta property=\"article:modified_time\" content=\"2018-12-05T01:04:13+00:00\" \/>\n<meta property=\"og:image\" content=\"http:\/\/tufx-fort.com\/sites\/tufxfort\/wp-content\/uploads\/2018\/01\/facebooklogo.png\" \/>\n<meta name=\"twitter:card\" content=\"summary_large_image\" \/>\n<script type=\"application\/ld+json\" class=\"yoast-schema-graph\">{\"@context\":\"https:\\\/\\\/schema.org\",\"@graph\":[{\"@type\":\"WebPage\",\"@id\":\"https:\\\/\\\/tufx-fort.com\\\/sites\\\/tufxfort\\\/fr\\\/contact\\\/\",\"url\":\"https:\\\/\\\/tufx-fort.com\\\/sites\\\/tufxfort\\\/fr\\\/contact\\\/\",\"name\":\"Contact - TUFX (fr)\",\"isPartOf\":{\"@id\":\"https:\\\/\\\/tufx-fort.com\\\/sites\\\/tufxfort\\\/fr\\\/#website\"},\"primaryImageOfPage\":{\"@id\":\"https:\\\/\\\/tufx-fort.com\\\/sites\\\/tufxfort\\\/fr\\\/contact\\\/#primaryimage\"},\"image\":{\"@id\":\"https:\\\/\\\/tufx-fort.com\\\/sites\\\/tufxfort\\\/fr\\\/contact\\\/#primaryimage\"},\"thumbnailUrl\":\"http:\\\/\\\/tufx-fort.com\\\/sites\\\/tufxfort\\\/wp-content\\\/uploads\\\/2018\\\/01\\\/facebooklogo.png\",\"datePublished\":\"2017-09-21T19:28:45+00:00\",\"dateModified\":\"2018-12-05T01:04:13+00:00\",\"breadcrumb\":{\"@id\":\"https:\\\/\\\/tufx-fort.com\\\/sites\\\/tufxfort\\\/fr\\\/contact\\\/#breadcrumb\"},\"inLanguage\":\"en-US\",\"potentialAction\":[{\"@type\":\"ReadAction\",\"target\":[\"https:\\\/\\\/tufx-fort.com\\\/sites\\\/tufxfort\\\/fr\\\/contact\\\/\"]}]},{\"@type\":\"ImageObject\",\"inLanguage\":\"en-US\",\"@id\":\"https:\\\/\\\/tufx-fort.com\\\/sites\\\/tufxfort\\\/fr\\\/contact\\\/#primaryimage\",\"url\":\"http:\\\/\\\/tufx-fort.com\\\/sites\\\/tufxfort\\\/wp-content\\\/uploads\\\/2018\\\/01\\\/facebooklogo.png\",\"contentUrl\":\"http:\\\/\\\/tufx-fort.com\\\/sites\\\/tufxfort\\\/wp-content\\\/uploads\\\/2018\\\/01\\\/facebooklogo.png\"},{\"@type\":\"BreadcrumbList\",\"@id\":\"https:\\\/\\\/tufx-fort.com\\\/sites\\\/tufxfort\\\/fr\\\/contact\\\/#breadcrumb\",\"itemListElement\":[{\"@type\":\"ListItem\",\"position\":1,\"name\":\"Home\",\"item\":\"https:\\\/\\\/tufx-fort.com\\\/sites\\\/tufxfort\\\/fr\\\/\"},{\"@type\":\"ListItem\",\"position\":2,\"name\":\"Contact\"}]},{\"@type\":\"WebSite\",\"@id\":\"https:\\\/\\\/tufx-fort.com\\\/sites\\\/tufxfort\\\/fr\\\/#website\",\"url\":\"https:\\\/\\\/tufx-fort.com\\\/sites\\\/tufxfort\\\/fr\\\/\",\"name\":\"TUFX (fr)\",\"description\":\"Con\u00e7ues pour le travail\",\"potentialAction\":[{\"@type\":\"SearchAction\",\"target\":{\"@type\":\"EntryPoint\",\"urlTemplate\":\"https:\\\/\\\/tufx-fort.com\\\/sites\\\/tufxfort\\\/fr\\\/?s={search_term_string}\"},\"query-input\":{\"@type\":\"PropertyValueSpecification\",\"valueRequired\":true,\"valueName\":\"search_term_string\"}}],\"inLanguage\":\"en-US\"}]}<\/script>\n<!-- \/ Yoast SEO plugin. -->","yoast_head_json":{"title":"Contact - TUFX (fr)","robots":{"index":"index","follow":"follow","max-snippet":"max-snippet:-1","max-image-preview":"max-image-preview:large","max-video-preview":"max-video-preview:-1"},"canonical":"https:\/\/tufx-fort.com\/sites\/tufxfort\/fr\/contact\/","og_locale":"en_US","og_type":"article","og_title":"Contact - TUFX (fr)","og_description":"Nos coordonn\u00e9es Si\u00e8ge social au 609 Colby Drive, Waterloo (Ontario) Canada N2V 1A1. Appelez-nous au (519) 746-1920 T\u00e9l\u00e9copieur : (519) 746-4900 Envoyez-nous un courriel. Continue reading","og_url":"https:\/\/tufx-fort.com\/sites\/tufxfort\/fr\/contact\/","og_site_name":"TUFX (fr)","article_modified_time":"2018-12-05T01:04:13+00:00","og_image":[{"url":"http:\/\/tufx-fort.com\/sites\/tufxfort\/wp-content\/uploads\/2018\/01\/facebooklogo.png","type":"","width":"","height":""}],"twitter_card":"summary_large_image","schema":{"@context":"https:\/\/schema.org","@graph":[{"@type":"WebPage","@id":"https:\/\/tufx-fort.com\/sites\/tufxfort\/fr\/contact\/","url":"https:\/\/tufx-fort.com\/sites\/tufxfort\/fr\/contact\/","name":"Contact - TUFX (fr)","isPartOf":{"@id":"https:\/\/tufx-fort.com\/sites\/tufxfort\/fr\/#website"},"primaryImageOfPage":{"@id":"https:\/\/tufx-fort.com\/sites\/tufxfort\/fr\/contact\/#primaryimage"},"image":{"@id":"https:\/\/tufx-fort.com\/sites\/tufxfort\/fr\/contact\/#primaryimage"},"thumbnailUrl":"http:\/\/tufx-fort.com\/sites\/tufxfort\/wp-content\/uploads\/2018\/01\/facebooklogo.png","datePublished":"2017-09-21T19:28:45+00:00","dateModified":"2018-12-05T01:04:13+00:00","breadcrumb":{"@id":"https:\/\/tufx-fort.com\/sites\/tufxfort\/fr\/contact\/#breadcrumb"},"inLanguage":"en-US","potentialAction":[{"@type":"ReadAction","target":["https:\/\/tufx-fort.com\/sites\/tufxfort\/fr\/contact\/"]}]},{"@type":"ImageObject","inLanguage":"en-US","@id":"https:\/\/tufx-fort.com\/sites\/tufxfort\/fr\/contact\/#primaryimage","url":"http:\/\/tufx-fort.com\/sites\/tufxfort\/wp-content\/uploads\/2018\/01\/facebooklogo.png","contentUrl":"http:\/\/tufx-fort.com\/sites\/tufxfort\/wp-content\/uploads\/2018\/01\/facebooklogo.png"},{"@type":"BreadcrumbList","@id":"https:\/\/tufx-fort.com\/sites\/tufxfort\/fr\/contact\/#breadcrumb","itemListElement":[{"@type":"ListItem","position":1,"name":"Home","item":"https:\/\/tufx-fort.com\/sites\/tufxfort\/fr\/"},{"@type":"ListItem","position":2,"name":"Contact"}]},{"@type":"WebSite","@id":"https:\/\/tufx-fort.com\/sites\/tufxfort\/fr\/#website","url":"https:\/\/tufx-fort.com\/sites\/tufxfort\/fr\/","name":"TUFX (fr)","description":"Con\u00e7ues pour le travail","potentialAction":[{"@type":"SearchAction","target":{"@type":"EntryPoint","urlTemplate":"https:\/\/tufx-fort.com\/sites\/tufxfort\/fr\/?s={search_term_string}"},"query-input":{"@type":"PropertyValueSpecification","valueRequired":true,"valueName":"search_term_string"}}],"inLanguage":"en-US"}]}},"_links":{"self":[{"href":"https:\/\/tufx-fort.com\/sites\/tufxfort\/fr\/wp-json\/wp\/v2\/pages\/46","targetHints":{"allow":["GET"]}}],"collection":[{"href":"https:\/\/tufx-fort.com\/sites\/tufxfort\/fr\/wp-json\/wp\/v2\/pages"}],"about":[{"href":"https:\/\/tufx-fort.com\/sites\/tufxfort\/fr\/wp-json\/wp\/v2\/types\/page"}],"author":[{"embeddable":true,"href":"https:\/\/tufx-fort.com\/sites\/tufxfort\/fr\/wp-json\/wp\/v2\/users\/1"}],"replies":[{"embeddable":true,"href":"https:\/\/tufx-fort.com\/sites\/tufxfort\/fr\/wp-json\/wp\/v2\/comments?post=46"}],"version-history":[{"count":3,"href":"https:\/\/tufx-fort.com\/sites\/tufxfort\/fr\/wp-json\/wp\/v2\/pages\/46\/revisions"}],"predecessor-version":[{"id":731,"href":"https:\/\/tufx-fort.com\/sites\/tufxfort\/fr\/wp-json\/wp\/v2\/pages\/46\/revisions\/731"}],"wp:attachment":[{"href":"https:\/\/tufx-fort.com\/sites\/tufxfort\/fr\/wp-json\/wp\/v2\/media?parent=46"}],"curies":[{"name":"wp","href":"https:\/\/api.w.org\/{rel}","templated":true}]}}