{"id":387,"date":"2017-11-22T17:22:26","date_gmt":"2017-11-22T17:22:26","guid":{"rendered":"http:\/\/thatsclever.ca\/tufx\/?page_id=387"},"modified":"2020-09-23T20:02:32","modified_gmt":"2020-09-23T20:02:32","slug":"about-us","status":"publish","type":"page","link":"https:\/\/tufx-fort.com\/sites\/tufxfort\/fr\/about-us\/","title":{"rendered":"About Us"},"content":{"rendered":"<h1>Tout sur nous<\/h1>\n<p><img loading=\"lazy\" decoding=\"async\" class=\"alignnone size-full wp-image-403\" src=\"http:\/\/tufx-fort.com\/sites\/tufxfort\/wp-content\/uploads\/2017\/11\/buildingforcorporate-1.jpg\" alt=\"TUFX building and warehouse\" width=\"1200\" height=\"400\"><\/p>\n<p>Tufx-Fort Manufacturing inc. est un fabricant et fournisseur chef de file des brouettes et des outils pour les paysagistes et les entrepreneurs en construction en Am\u00e9rique du Nord. Nos activit\u00e9s de fabrication se d\u00e9roulent dans notre usine r\u00e9cemment r\u00e9nov\u00e9e \u00e0 Waterloo, en Ontario, au Canada. Nous employons des techniques de pointe de peinture, d\u2019\u00e9lectrod\u00e9position, de cintrage de tubes CNC et de soudage robotis\u00e9 pour assurer la qualit\u00e9 et l\u2019uniformit\u00e9 de tous nos produits. Notre entrep\u00f4t adjacent ax\u00e9 sur les commandes \u00e9lectroniques permet d\u2019obtenir un niveau de productivit\u00e9 in\u00e9dit tout en relevant la qualit\u00e9 du service \u00e0 la client\u00e8le. <\/p>\n<p>Tufx-Fort Manufacturing inc., dont les racines sont aux Pays-Bas, con\u00e7oit et fabrique des brouettes de calibre professionnel de marques TUFX et FORT au Canada depuis 30 ans. Con\u00e7ues pour le travail, ces robustes brouettes sont de conception ergonomique et sont construites pour subir les rigueurs d\u2019une utilisation professionnelle.<\/p>\n<p><img loading=\"lazy\" decoding=\"async\" class=\"alignnone size-full wp-image-360\" src=\"http:\/\/tufx-fort.com\/sites\/tufxfort\/wp-content\/uploads\/2018\/03\/tufxmadeincanadaicon.png\" alt=\"TUFX Made in Canada\" width=\"100\" height=\"100\" \/> <a href=\"https:\/\/www.ici-here.ca\/en\/home\/\" target=\"_blank\" rel=\"noopener noreferrer\"><img loading=\"lazy\" decoding=\"async\" class=\"alignnone size-full wp-image-651\" src=\"http:\/\/tufx-fort.com\/sites\/tufxfort\/wp-content\/uploads\/2019\/07\/WMHlogoweb.png\" alt=\"Visit the Well Made Here website\" width=\"100\" height=\"100\" \/><\/a> <a href=\"https:\/\/www.supportontariomade.ca\/\" target=\"_blank\" rel=\"noopener noreferrer\"><img loading=\"lazy\" decoding=\"async\" class=\"alignnone size-full wp-image-737\" src=\"https:\/\/tufx-fort.com\/sites\/tufxfort\/wp-content\/uploads\/2020\/09\/Made_in_Ontario_logo_EN200.png\" alt=\"Ontario Made logo\" width=\"96\" height=\"96\" \/><\/a><\/div>\n","protected":false},"excerpt":{"rendered":"<p>Tout sur nous Tufx-Fort Manufacturing inc. est un fabricant et fournisseur chef de file des brouettes et des outils pour les paysagistes et les entrepreneurs en construction en Am\u00e9rique du Nord. Nos activit\u00e9s de fabrication se d\u00e9roulent dans notre usine r\u00e9cemment r\u00e9nov\u00e9e \u00e0 Waterloo, en Ontario, au Canada. Nous employons\u2026<\/p>\n<p> <a class=\"continue-reading-link\" href=\"https:\/\/tufx-fort.com\/sites\/tufxfort\/fr\/about-us\/\"><span>Continue reading<\/span><i class=\"crycon-right-dir\"><\/i><\/a> <\/p>\n","protected":false},"author":1,"featured_media":0,"parent":0,"menu_order":0,"comment_status":"closed","ping_status":"closed","template":"","meta":{"footnotes":""},"class_list":["post-387","page","type-page","status-publish","hentry"],"yoast_head":"<!-- This site is optimized with the Yoast SEO plugin v27.4 - https:\/\/yoast.com\/product\/yoast-seo-wordpress\/ -->\n<title>About Us - TUFX (fr)<\/title>\n<meta name=\"robots\" content=\"index, follow, max-snippet:-1, max-image-preview:large, max-video-preview:-1\" \/>\n<link rel=\"canonical\" href=\"https:\/\/tufx-fort.com\/sites\/tufxfort\/fr\/about-us\/\" \/>\n<meta property=\"og:locale\" content=\"en_US\" \/>\n<meta property=\"og:type\" content=\"article\" \/>\n<meta property=\"og:title\" content=\"About Us - TUFX (fr)\" \/>\n<meta property=\"og:description\" content=\"Tout sur nous Tufx-Fort Manufacturing inc. est un fabricant et fournisseur chef de file des brouettes et des outils pour les paysagistes et les entrepreneurs en construction en Am\u00e9rique du Nord. Nos activit\u00e9s de fabrication se d\u00e9roulent dans notre usine r\u00e9cemment r\u00e9nov\u00e9e \u00e0 Waterloo, en Ontario, au Canada. Nous employons\u2026 Continue reading\" \/>\n<meta property=\"og:url\" content=\"https:\/\/tufx-fort.com\/sites\/tufxfort\/fr\/about-us\/\" \/>\n<meta property=\"og:site_name\" content=\"TUFX (fr)\" \/>\n<meta property=\"article:modified_time\" content=\"2020-09-23T20:02:32+00:00\" \/>\n<meta property=\"og:image\" content=\"http:\/\/tufx-fort.com\/sites\/tufxfort\/wp-content\/uploads\/2017\/11\/buildingforcorporate-1.jpg\" \/>\n<meta name=\"twitter:card\" content=\"summary_large_image\" \/>\n<meta name=\"twitter:label1\" content=\"Est. reading time\" \/>\n\t<meta name=\"twitter:data1\" content=\"1 minute\" \/>\n<script type=\"application\/ld+json\" class=\"yoast-schema-graph\">{\"@context\":\"https:\\\/\\\/schema.org\",\"@graph\":[{\"@type\":\"WebPage\",\"@id\":\"https:\\\/\\\/tufx-fort.com\\\/sites\\\/tufxfort\\\/fr\\\/about-us\\\/\",\"url\":\"https:\\\/\\\/tufx-fort.com\\\/sites\\\/tufxfort\\\/fr\\\/about-us\\\/\",\"name\":\"About Us - TUFX (fr)\",\"isPartOf\":{\"@id\":\"https:\\\/\\\/tufx-fort.com\\\/sites\\\/tufxfort\\\/fr\\\/#website\"},\"primaryImageOfPage\":{\"@id\":\"https:\\\/\\\/tufx-fort.com\\\/sites\\\/tufxfort\\\/fr\\\/about-us\\\/#primaryimage\"},\"image\":{\"@id\":\"https:\\\/\\\/tufx-fort.com\\\/sites\\\/tufxfort\\\/fr\\\/about-us\\\/#primaryimage\"},\"thumbnailUrl\":\"http:\\\/\\\/tufx-fort.com\\\/sites\\\/tufxfort\\\/wp-content\\\/uploads\\\/2017\\\/11\\\/buildingforcorporate-1.jpg\",\"datePublished\":\"2017-11-22T17:22:26+00:00\",\"dateModified\":\"2020-09-23T20:02:32+00:00\",\"breadcrumb\":{\"@id\":\"https:\\\/\\\/tufx-fort.com\\\/sites\\\/tufxfort\\\/fr\\\/about-us\\\/#breadcrumb\"},\"inLanguage\":\"en-US\",\"potentialAction\":[{\"@type\":\"ReadAction\",\"target\":[\"https:\\\/\\\/tufx-fort.com\\\/sites\\\/tufxfort\\\/fr\\\/about-us\\\/\"]}]},{\"@type\":\"ImageObject\",\"inLanguage\":\"en-US\",\"@id\":\"https:\\\/\\\/tufx-fort.com\\\/sites\\\/tufxfort\\\/fr\\\/about-us\\\/#primaryimage\",\"url\":\"http:\\\/\\\/tufx-fort.com\\\/sites\\\/tufxfort\\\/wp-content\\\/uploads\\\/2017\\\/11\\\/buildingforcorporate-1.jpg\",\"contentUrl\":\"http:\\\/\\\/tufx-fort.com\\\/sites\\\/tufxfort\\\/wp-content\\\/uploads\\\/2017\\\/11\\\/buildingforcorporate-1.jpg\"},{\"@type\":\"BreadcrumbList\",\"@id\":\"https:\\\/\\\/tufx-fort.com\\\/sites\\\/tufxfort\\\/fr\\\/about-us\\\/#breadcrumb\",\"itemListElement\":[{\"@type\":\"ListItem\",\"position\":1,\"name\":\"Home\",\"item\":\"https:\\\/\\\/tufx-fort.com\\\/sites\\\/tufxfort\\\/fr\\\/\"},{\"@type\":\"ListItem\",\"position\":2,\"name\":\"About Us\"}]},{\"@type\":\"WebSite\",\"@id\":\"https:\\\/\\\/tufx-fort.com\\\/sites\\\/tufxfort\\\/fr\\\/#website\",\"url\":\"https:\\\/\\\/tufx-fort.com\\\/sites\\\/tufxfort\\\/fr\\\/\",\"name\":\"TUFX (fr)\",\"description\":\"Con\u00e7ues pour le travail\",\"potentialAction\":[{\"@type\":\"SearchAction\",\"target\":{\"@type\":\"EntryPoint\",\"urlTemplate\":\"https:\\\/\\\/tufx-fort.com\\\/sites\\\/tufxfort\\\/fr\\\/?s={search_term_string}\"},\"query-input\":{\"@type\":\"PropertyValueSpecification\",\"valueRequired\":true,\"valueName\":\"search_term_string\"}}],\"inLanguage\":\"en-US\"}]}<\/script>\n<!-- \/ Yoast SEO plugin. -->","yoast_head_json":{"title":"About Us - TUFX (fr)","robots":{"index":"index","follow":"follow","max-snippet":"max-snippet:-1","max-image-preview":"max-image-preview:large","max-video-preview":"max-video-preview:-1"},"canonical":"https:\/\/tufx-fort.com\/sites\/tufxfort\/fr\/about-us\/","og_locale":"en_US","og_type":"article","og_title":"About Us - TUFX (fr)","og_description":"Tout sur nous Tufx-Fort Manufacturing inc. est un fabricant et fournisseur chef de file des brouettes et des outils pour les paysagistes et les entrepreneurs en construction en Am\u00e9rique du Nord. Nos activit\u00e9s de fabrication se d\u00e9roulent dans notre usine r\u00e9cemment r\u00e9nov\u00e9e \u00e0 Waterloo, en Ontario, au Canada. Nous employons\u2026 Continue reading","og_url":"https:\/\/tufx-fort.com\/sites\/tufxfort\/fr\/about-us\/","og_site_name":"TUFX (fr)","article_modified_time":"2020-09-23T20:02:32+00:00","og_image":[{"url":"http:\/\/tufx-fort.com\/sites\/tufxfort\/wp-content\/uploads\/2017\/11\/buildingforcorporate-1.jpg","type":"","width":"","height":""}],"twitter_card":"summary_large_image","twitter_misc":{"Est. reading time":"1 minute"},"schema":{"@context":"https:\/\/schema.org","@graph":[{"@type":"WebPage","@id":"https:\/\/tufx-fort.com\/sites\/tufxfort\/fr\/about-us\/","url":"https:\/\/tufx-fort.com\/sites\/tufxfort\/fr\/about-us\/","name":"About Us - TUFX (fr)","isPartOf":{"@id":"https:\/\/tufx-fort.com\/sites\/tufxfort\/fr\/#website"},"primaryImageOfPage":{"@id":"https:\/\/tufx-fort.com\/sites\/tufxfort\/fr\/about-us\/#primaryimage"},"image":{"@id":"https:\/\/tufx-fort.com\/sites\/tufxfort\/fr\/about-us\/#primaryimage"},"thumbnailUrl":"http:\/\/tufx-fort.com\/sites\/tufxfort\/wp-content\/uploads\/2017\/11\/buildingforcorporate-1.jpg","datePublished":"2017-11-22T17:22:26+00:00","dateModified":"2020-09-23T20:02:32+00:00","breadcrumb":{"@id":"https:\/\/tufx-fort.com\/sites\/tufxfort\/fr\/about-us\/#breadcrumb"},"inLanguage":"en-US","potentialAction":[{"@type":"ReadAction","target":["https:\/\/tufx-fort.com\/sites\/tufxfort\/fr\/about-us\/"]}]},{"@type":"ImageObject","inLanguage":"en-US","@id":"https:\/\/tufx-fort.com\/sites\/tufxfort\/fr\/about-us\/#primaryimage","url":"http:\/\/tufx-fort.com\/sites\/tufxfort\/wp-content\/uploads\/2017\/11\/buildingforcorporate-1.jpg","contentUrl":"http:\/\/tufx-fort.com\/sites\/tufxfort\/wp-content\/uploads\/2017\/11\/buildingforcorporate-1.jpg"},{"@type":"BreadcrumbList","@id":"https:\/\/tufx-fort.com\/sites\/tufxfort\/fr\/about-us\/#breadcrumb","itemListElement":[{"@type":"ListItem","position":1,"name":"Home","item":"https:\/\/tufx-fort.com\/sites\/tufxfort\/fr\/"},{"@type":"ListItem","position":2,"name":"About Us"}]},{"@type":"WebSite","@id":"https:\/\/tufx-fort.com\/sites\/tufxfort\/fr\/#website","url":"https:\/\/tufx-fort.com\/sites\/tufxfort\/fr\/","name":"TUFX (fr)","description":"Con\u00e7ues pour le travail","potentialAction":[{"@type":"SearchAction","target":{"@type":"EntryPoint","urlTemplate":"https:\/\/tufx-fort.com\/sites\/tufxfort\/fr\/?s={search_term_string}"},"query-input":{"@type":"PropertyValueSpecification","valueRequired":true,"valueName":"search_term_string"}}],"inLanguage":"en-US"}]}},"_links":{"self":[{"href":"https:\/\/tufx-fort.com\/sites\/tufxfort\/fr\/wp-json\/wp\/v2\/pages\/387","targetHints":{"allow":["GET"]}}],"collection":[{"href":"https:\/\/tufx-fort.com\/sites\/tufxfort\/fr\/wp-json\/wp\/v2\/pages"}],"about":[{"href":"https:\/\/tufx-fort.com\/sites\/tufxfort\/fr\/wp-json\/wp\/v2\/types\/page"}],"author":[{"embeddable":true,"href":"https:\/\/tufx-fort.com\/sites\/tufxfort\/fr\/wp-json\/wp\/v2\/users\/1"}],"replies":[{"embeddable":true,"href":"https:\/\/tufx-fort.com\/sites\/tufxfort\/fr\/wp-json\/wp\/v2\/comments?post=387"}],"version-history":[{"count":5,"href":"https:\/\/tufx-fort.com\/sites\/tufxfort\/fr\/wp-json\/wp\/v2\/pages\/387\/revisions"}],"predecessor-version":[{"id":935,"href":"https:\/\/tufx-fort.com\/sites\/tufxfort\/fr\/wp-json\/wp\/v2\/pages\/387\/revisions\/935"}],"wp:attachment":[{"href":"https:\/\/tufx-fort.com\/sites\/tufxfort\/fr\/wp-json\/wp\/v2\/media?parent=387"}],"curies":[{"name":"wp","href":"https:\/\/api.w.org\/{rel}","templated":true}]}}