{"id":324,"date":"2017-11-21T16:45:18","date_gmt":"2017-11-21T16:45:18","guid":{"rendered":"http:\/\/thatsclever.ca\/tufx\/?page_id=324"},"modified":"2018-12-05T01:00:12","modified_gmt":"2018-12-05T01:00:12","slug":"warranty","status":"publish","type":"page","link":"https:\/\/tufx-fort.com\/sites\/tufxfort\/fr\/warranty\/","title":{"rendered":"Warranty"},"content":{"rendered":"<h1>Renseignements sur la garantie<\/h1>\n<p>Tufx-Fort Manufacturing inc. offre les garanties limit\u00e9es exprim\u00e9es suivantes pour l\u2019acheteur d\u2019origine de notre produit. Pour la gamme des \u00ab Bonnes \u00bb brouettes, une garantie est offerte qu\u2019elle ne comporte pas de d\u00e9fauts mat\u00e9riels ou de fabrication pour une dur\u00e9e de 12 mois. Pour la gamme des \u00ab Meilleures \u00bb brouettes, une garantie est offerte qu\u2019elle ne comporte pas de d\u00e9fauts mat\u00e9riels ou de fabrication pour une dur\u00e9e de 5 ans. Pour la gamme de brouettes de \u00ab Haut de gamme \u00bb une garantie \u00e0 vie est offerte qu\u2019elle ne comporte pas de d\u00e9fauts mat\u00e9riels et de fabrication. Tous les produits portent une garantie except\u00e9 en cas d&#8217;indication contraire inscrite sur le produit ou l\u2019emballage de la date d\u2019achat d\u2019origine, sous r\u00e9serve des exon\u00e9rations de responsabilit\u00e9 et des restrictions d\u00e9taill\u00e9es ci-apr\u00e8s.<\/p>\n<p>Pendant la p\u00e9riode mentionn\u00e9e pr\u00e9c\u00e9demment, Tufx-Fort Manufacturing inc. remplacera le produit d\u00e9fectueux, ou une pi\u00e8ce du produit reconnue comme d\u00e9fectueuse, \u00e0 la discr\u00e9tion de Tufx en vertu des dispositions suivantes.<br \/>\nCette garantie ne s&#8217;applique qu&#8217;\u00e0 l&#8217;acheteur d\u2019origine du produit et le re\u00e7u d\u2019achat doit \u00eatre produit. Cette garantie ne couvre pas les d\u00e9fauts caus\u00e9s par un usage abusif, un mauvais usage, un manque d&#8217;entretien, ou toute autre utilisation non conforme aux consignes \u00e9crites ou \u00e0 l\u2019application couramment vis\u00e9e du produit. Nous vous conseillons vivement d\u2019inspecter le produit \u00e0 l\u2019achat. Advenant un d\u00e9faut mat\u00e9riel ou de fabrication durant la p\u00e9riode de garantie, vous devez suivre les directives suivantes.<\/p>\n<p>Si vous vous pr\u00e9valez d\u2019une disposition de cette garantie, ou que vous voulez \u00eatre inform\u00e9 du mode d\u2019application de la garantie, communiquez avec le service \u00e0 la client\u00e8le de Tufx au (516) 746-1920 ou \u00e9crivez un courriel \u00e0 l\u2019adresse suivante : support@tufx-fort.com. Vous recevrez alors les directives d\u2019exp\u00e9dier \u00e0 l\u2019entreprise le produit d\u00e9fectueux ou la pi\u00e8ce d\u00e9fectueuse du produit. Ou si, \u00e0 la seule discr\u00e9tion de Tufx, elle d\u00e9cide que vous devez envoyer des photographies de la pi\u00e8ce et mettre au rebut le produit d\u00e9fectueux ou la pi\u00e8ce d\u00e9fectueuse du produit selon les lois et ordonnances locales relatives \u00e0 l\u2019\u00e9limination ou au recyclage. Veuillez avoir en main votre nom, le mod\u00e8le du produit, d&#8217;autres num\u00e9ros d\u2019identification, l\u2019adresse de l\u2019achat ou les renseignements sur le produit pour que le repr\u00e9sentant de Tufx puisse vous aider le plus rapidement possible.<\/p>\n<p><strong>Garantie sur les roues :<\/strong><\/p>\n<p>Tufx-Fort garantit que toutes les roues increvables ne comportent pas de d\u00e9faillances structurelles et garantit \u00e9galement \u00e0 l&#8217;acheteur d\u2019origine que ces produits ne comportent pas de d\u00e9fauts mat\u00e9riels et de fabrication pour une utilisation normale et \u00e0 laquelle le produit est destin\u00e9 pour une dur\u00e9e de 12 mois \u00e0 compter de la date d\u2019achat en magasin. La seule et unique obligation de Tufx-Fort en vertu de cette garantie consiste \u00e0 r\u00e9parer ou \u00e0 remplacer* \u00e0 la seule discr\u00e9tion de Tufx-Fort, sans frais, tout produit qui ne se conforme pas \u00e0 la garantie susmentionn\u00e9e, puis retourn\u00e9 avec une copie du re\u00e7u de vente d\u2019origine et des preuves satisfaisantes de dommages soit par inspection visuelle ou par des photographies, au distributeur chez qui le produit a \u00e9t\u00e9 achet\u00e9 \u00e0 l\u2019origine ou \u00e0 Tufx-Fort. Ces r\u00e9parations ne comprennent pas de frais accessoires li\u00e9s au retrait, \u00e0 l\u2019installation ou \u00e0 l\u2019exp\u00e9dition. Sous aucune consid\u00e9ration Tufx-Fort ne peut \u00eatre tenue responsable de dommages sp\u00e9ciaux, accessoires ou subs\u00e9quents.<\/p>\n<p>Tufx-Fort garantit que toutes les roues \u00e0 pneu gonflable qu\u2019elle vend ne comportent aucun d\u00e9faut structurel et offre \u00e9galement la garantie \u00e0 l\u2019acheteur d\u2019origine que ces produits ne comportent aucun d\u00e9faut mat\u00e9riel et de fabrication dans des conditions normales et pr\u00e9vues d\u2019utilisation pour une dur\u00e9e de 30 jours \u00e0 compter de la date d\u2019achat en magasin. La seule et unique obligation de Tufx-Fort en vertu de cette garantie consiste \u00e0 r\u00e9parer ou \u00e0 remplacer* \u00e0 la seule discr\u00e9tion de Tufx-Fort, sans frais, tout produit qui ne se conforme pas \u00e0 la garantie susmentionn\u00e9e et qui a \u00e9t\u00e9 retourn\u00e9 avec une copie du re\u00e7u de vente d\u2019origine et des preuves satisfaisantes des dommages soit par inspection visuelle ou par des photographies, au distributeur chez qui le produit a \u00e9t\u00e9 achet\u00e9 \u00e0 l\u2019origine ou \u00e0 Tufx-Fort. Ces r\u00e9parations ne comprennent pas de frais accessoires li\u00e9s au retrait, \u00e0 l\u2019installation ou \u00e0 l\u2019exp\u00e9dition. Sous aucune consid\u00e9ration Tufx-Fort ne peut \u00eatre tenue responsable de dommages sp\u00e9ciaux, accessoires ou subs\u00e9quents.<\/p>\n<p>*Les roues remplac\u00e9es en vertu de la garantie seront couvertes pour la dur\u00e9e de ladite garantie uniquement \u00e0 compter de la date d&#8217;achat d\u2019origine.<\/p>\n","protected":false},"excerpt":{"rendered":"<p>Renseignements sur la garantie Tufx-Fort Manufacturing inc. offre les garanties limit\u00e9es exprim\u00e9es suivantes pour l\u2019acheteur d\u2019origine de notre produit. Pour la gamme des \u00ab Bonnes \u00bb brouettes, une garantie est offerte qu\u2019elle ne comporte pas de d\u00e9fauts mat\u00e9riels ou de fabrication pour une dur\u00e9e de 12 mois. Pour la gamme\u2026<\/p>\n<p> <a class=\"continue-reading-link\" href=\"https:\/\/tufx-fort.com\/sites\/tufxfort\/fr\/warranty\/\"><span>Continue reading<\/span><i class=\"crycon-right-dir\"><\/i><\/a> <\/p>\n","protected":false},"author":1,"featured_media":0,"parent":0,"menu_order":0,"comment_status":"closed","ping_status":"closed","template":"","meta":{"footnotes":""},"class_list":["post-324","page","type-page","status-publish","hentry"],"yoast_head":"<!-- This site is optimized with the Yoast SEO plugin v27.4 - https:\/\/yoast.com\/product\/yoast-seo-wordpress\/ -->\n<title>Warranty - TUFX (fr)<\/title>\n<meta name=\"robots\" content=\"index, follow, max-snippet:-1, max-image-preview:large, max-video-preview:-1\" \/>\n<link rel=\"canonical\" href=\"https:\/\/tufx-fort.com\/sites\/tufxfort\/fr\/warranty\/\" \/>\n<meta property=\"og:locale\" content=\"en_US\" \/>\n<meta property=\"og:type\" content=\"article\" \/>\n<meta property=\"og:title\" content=\"Warranty - TUFX (fr)\" \/>\n<meta property=\"og:description\" content=\"Renseignements sur la garantie Tufx-Fort Manufacturing inc. offre les garanties limit\u00e9es exprim\u00e9es suivantes pour l\u2019acheteur d\u2019origine de notre produit. Pour la gamme des \u00ab Bonnes \u00bb brouettes, une garantie est offerte qu\u2019elle ne comporte pas de d\u00e9fauts mat\u00e9riels ou de fabrication pour une dur\u00e9e de 12 mois. Pour la gamme\u2026 Continue reading\" \/>\n<meta property=\"og:url\" content=\"https:\/\/tufx-fort.com\/sites\/tufxfort\/fr\/warranty\/\" \/>\n<meta property=\"og:site_name\" content=\"TUFX (fr)\" \/>\n<meta property=\"article:modified_time\" content=\"2018-12-05T01:00:12+00:00\" \/>\n<meta name=\"twitter:card\" content=\"summary_large_image\" \/>\n<meta name=\"twitter:label1\" content=\"Est. reading time\" \/>\n\t<meta name=\"twitter:data1\" content=\"4 minutes\" \/>\n<script type=\"application\/ld+json\" class=\"yoast-schema-graph\">{\"@context\":\"https:\\\/\\\/schema.org\",\"@graph\":[{\"@type\":\"WebPage\",\"@id\":\"https:\\\/\\\/tufx-fort.com\\\/sites\\\/tufxfort\\\/fr\\\/warranty\\\/\",\"url\":\"https:\\\/\\\/tufx-fort.com\\\/sites\\\/tufxfort\\\/fr\\\/warranty\\\/\",\"name\":\"Warranty - TUFX (fr)\",\"isPartOf\":{\"@id\":\"https:\\\/\\\/tufx-fort.com\\\/sites\\\/tufxfort\\\/fr\\\/#website\"},\"datePublished\":\"2017-11-21T16:45:18+00:00\",\"dateModified\":\"2018-12-05T01:00:12+00:00\",\"breadcrumb\":{\"@id\":\"https:\\\/\\\/tufx-fort.com\\\/sites\\\/tufxfort\\\/fr\\\/warranty\\\/#breadcrumb\"},\"inLanguage\":\"en-US\",\"potentialAction\":[{\"@type\":\"ReadAction\",\"target\":[\"https:\\\/\\\/tufx-fort.com\\\/sites\\\/tufxfort\\\/fr\\\/warranty\\\/\"]}]},{\"@type\":\"BreadcrumbList\",\"@id\":\"https:\\\/\\\/tufx-fort.com\\\/sites\\\/tufxfort\\\/fr\\\/warranty\\\/#breadcrumb\",\"itemListElement\":[{\"@type\":\"ListItem\",\"position\":1,\"name\":\"Home\",\"item\":\"https:\\\/\\\/tufx-fort.com\\\/sites\\\/tufxfort\\\/fr\\\/\"},{\"@type\":\"ListItem\",\"position\":2,\"name\":\"Warranty\"}]},{\"@type\":\"WebSite\",\"@id\":\"https:\\\/\\\/tufx-fort.com\\\/sites\\\/tufxfort\\\/fr\\\/#website\",\"url\":\"https:\\\/\\\/tufx-fort.com\\\/sites\\\/tufxfort\\\/fr\\\/\",\"name\":\"TUFX (fr)\",\"description\":\"Con\u00e7ues pour le travail\",\"potentialAction\":[{\"@type\":\"SearchAction\",\"target\":{\"@type\":\"EntryPoint\",\"urlTemplate\":\"https:\\\/\\\/tufx-fort.com\\\/sites\\\/tufxfort\\\/fr\\\/?s={search_term_string}\"},\"query-input\":{\"@type\":\"PropertyValueSpecification\",\"valueRequired\":true,\"valueName\":\"search_term_string\"}}],\"inLanguage\":\"en-US\"}]}<\/script>\n<!-- \/ Yoast SEO plugin. -->","yoast_head_json":{"title":"Warranty - TUFX (fr)","robots":{"index":"index","follow":"follow","max-snippet":"max-snippet:-1","max-image-preview":"max-image-preview:large","max-video-preview":"max-video-preview:-1"},"canonical":"https:\/\/tufx-fort.com\/sites\/tufxfort\/fr\/warranty\/","og_locale":"en_US","og_type":"article","og_title":"Warranty - TUFX (fr)","og_description":"Renseignements sur la garantie Tufx-Fort Manufacturing inc. offre les garanties limit\u00e9es exprim\u00e9es suivantes pour l\u2019acheteur d\u2019origine de notre produit. Pour la gamme des \u00ab Bonnes \u00bb brouettes, une garantie est offerte qu\u2019elle ne comporte pas de d\u00e9fauts mat\u00e9riels ou de fabrication pour une dur\u00e9e de 12 mois. Pour la gamme\u2026 Continue reading","og_url":"https:\/\/tufx-fort.com\/sites\/tufxfort\/fr\/warranty\/","og_site_name":"TUFX (fr)","article_modified_time":"2018-12-05T01:00:12+00:00","twitter_card":"summary_large_image","twitter_misc":{"Est. reading time":"4 minutes"},"schema":{"@context":"https:\/\/schema.org","@graph":[{"@type":"WebPage","@id":"https:\/\/tufx-fort.com\/sites\/tufxfort\/fr\/warranty\/","url":"https:\/\/tufx-fort.com\/sites\/tufxfort\/fr\/warranty\/","name":"Warranty - TUFX (fr)","isPartOf":{"@id":"https:\/\/tufx-fort.com\/sites\/tufxfort\/fr\/#website"},"datePublished":"2017-11-21T16:45:18+00:00","dateModified":"2018-12-05T01:00:12+00:00","breadcrumb":{"@id":"https:\/\/tufx-fort.com\/sites\/tufxfort\/fr\/warranty\/#breadcrumb"},"inLanguage":"en-US","potentialAction":[{"@type":"ReadAction","target":["https:\/\/tufx-fort.com\/sites\/tufxfort\/fr\/warranty\/"]}]},{"@type":"BreadcrumbList","@id":"https:\/\/tufx-fort.com\/sites\/tufxfort\/fr\/warranty\/#breadcrumb","itemListElement":[{"@type":"ListItem","position":1,"name":"Home","item":"https:\/\/tufx-fort.com\/sites\/tufxfort\/fr\/"},{"@type":"ListItem","position":2,"name":"Warranty"}]},{"@type":"WebSite","@id":"https:\/\/tufx-fort.com\/sites\/tufxfort\/fr\/#website","url":"https:\/\/tufx-fort.com\/sites\/tufxfort\/fr\/","name":"TUFX (fr)","description":"Con\u00e7ues pour le travail","potentialAction":[{"@type":"SearchAction","target":{"@type":"EntryPoint","urlTemplate":"https:\/\/tufx-fort.com\/sites\/tufxfort\/fr\/?s={search_term_string}"},"query-input":{"@type":"PropertyValueSpecification","valueRequired":true,"valueName":"search_term_string"}}],"inLanguage":"en-US"}]}},"_links":{"self":[{"href":"https:\/\/tufx-fort.com\/sites\/tufxfort\/fr\/wp-json\/wp\/v2\/pages\/324","targetHints":{"allow":["GET"]}}],"collection":[{"href":"https:\/\/tufx-fort.com\/sites\/tufxfort\/fr\/wp-json\/wp\/v2\/pages"}],"about":[{"href":"https:\/\/tufx-fort.com\/sites\/tufxfort\/fr\/wp-json\/wp\/v2\/types\/page"}],"author":[{"embeddable":true,"href":"https:\/\/tufx-fort.com\/sites\/tufxfort\/fr\/wp-json\/wp\/v2\/users\/1"}],"replies":[{"embeddable":true,"href":"https:\/\/tufx-fort.com\/sites\/tufxfort\/fr\/wp-json\/wp\/v2\/comments?post=324"}],"version-history":[{"count":2,"href":"https:\/\/tufx-fort.com\/sites\/tufxfort\/fr\/wp-json\/wp\/v2\/pages\/324\/revisions"}],"predecessor-version":[{"id":728,"href":"https:\/\/tufx-fort.com\/sites\/tufxfort\/fr\/wp-json\/wp\/v2\/pages\/324\/revisions\/728"}],"wp:attachment":[{"href":"https:\/\/tufx-fort.com\/sites\/tufxfort\/fr\/wp-json\/wp\/v2\/media?parent=324"}],"curies":[{"name":"wp","href":"https:\/\/api.w.org\/{rel}","templated":true}]}}