{"id":250,"date":"2017-10-11T14:09:03","date_gmt":"2017-10-11T14:09:03","guid":{"rendered":"http:\/\/thatsclever.ca\/tufx\/?page_id=250"},"modified":"2018-12-05T19:36:34","modified_gmt":"2018-12-05T19:36:34","slug":"careers","status":"publish","type":"page","link":"https:\/\/tufx-fort.com\/sites\/tufxfort\/fr\/careers\/","title":{"rendered":"Careers"},"content":{"rendered":"<h1>Carri\u00e8res<\/h1>\n<p>TUFX-Fort Manufacturing inc. est un fabricant et un fournisseur chef de file des brouettes et des outils pour les paysagistes et les entrepreneurs en construction en Am\u00e9rique du Nord.<\/p>\n<p>Nous avons pour mission de cr\u00e9er d\u2019excellents produits, de tisser des liens \u00e9troits avec les clients et les distributeurs et d\u2019offrir les perspectives de carri\u00e8re enrichissantes que vous avez toujours convoit\u00e9es.<\/p>\n<p>Si vous recherchez une carri\u00e8re o\u00f9 vous pouvez travailler avec vos coll\u00e8gues dans un environnement qui vous donne l\u2019occasion de grandir, TUFX pourrait bien \u00eatre le milieu de travail id\u00e9al pour vous.<\/p>\n<p><img loading=\"lazy\" decoding=\"async\" src=\"http:\/\/tufx-fort.com\/sites\/tufxfort\/fr\/wp-content\/uploads\/2018\/12\/buttoncareersproductionfr.jpg\" alt=\"\" width=\"200\" height=\"55\" class=\"alignnone size-full wp-image-754\" srcset=\"https:\/\/tufx-fort.com\/sites\/tufxfort\/fr\/wp-content\/uploads\/2018\/12\/buttoncareersproductionfr.jpg 200w, https:\/\/tufx-fort.com\/sites\/tufxfort\/fr\/wp-content\/uploads\/2018\/12\/buttoncareersproductionfr-150x41.jpg 150w\" sizes=\"auto, (max-width: 200px) 100vw, 200px\" \/> <img loading=\"lazy\" decoding=\"async\" src=\"http:\/\/tufx-fort.com\/sites\/tufxfort\/fr\/wp-content\/uploads\/2018\/12\/buttoncareersprofessionalsfr.jpg\" alt=\"\" width=\"200\" height=\"55\" class=\"alignnone size-full wp-image-755\" srcset=\"https:\/\/tufx-fort.com\/sites\/tufxfort\/fr\/wp-content\/uploads\/2018\/12\/buttoncareersprofessionalsfr.jpg 200w, https:\/\/tufx-fort.com\/sites\/tufxfort\/fr\/wp-content\/uploads\/2018\/12\/buttoncareersprofessionalsfr-150x41.jpg 150w\" sizes=\"auto, (max-width: 200px) 100vw, 200px\" \/> <img loading=\"lazy\" decoding=\"async\" src=\"http:\/\/tufx-fort.com\/sites\/tufxfort\/fr\/wp-content\/uploads\/2018\/12\/buttoncareersstudentsfr.jpg\" alt=\"\" width=\"200\" height=\"55\" class=\"alignnone size-full wp-image-756\" srcset=\"https:\/\/tufx-fort.com\/sites\/tufxfort\/fr\/wp-content\/uploads\/2018\/12\/buttoncareersstudentsfr.jpg 200w, https:\/\/tufx-fort.com\/sites\/tufxfort\/fr\/wp-content\/uploads\/2018\/12\/buttoncareersstudentsfr-150x41.jpg 150w\" sizes=\"auto, (max-width: 200px) 100vw, 200px\" \/><\/p>\n<p>Nous n\u2019avons pas \u00e0 l\u2019heure actuelle de postes ou d\u2019emplois vacants.<\/p>\n","protected":false},"excerpt":{"rendered":"<p>Carri\u00e8res TUFX-Fort Manufacturing inc. est un fabricant et un fournisseur chef de file des brouettes et des outils pour les paysagistes et les entrepreneurs en construction en Am\u00e9rique du Nord. Nous avons pour mission de cr\u00e9er d\u2019excellents produits, de tisser des liens \u00e9troits avec les clients et les distributeurs et\u2026<\/p>\n<p> <a class=\"continue-reading-link\" href=\"https:\/\/tufx-fort.com\/sites\/tufxfort\/fr\/careers\/\"><span>Continue reading<\/span><i class=\"crycon-right-dir\"><\/i><\/a> <\/p>\n","protected":false},"author":1,"featured_media":0,"parent":0,"menu_order":0,"comment_status":"closed","ping_status":"closed","template":"","meta":{"footnotes":""},"class_list":["post-250","page","type-page","status-publish","hentry"],"yoast_head":"<!-- This site is optimized with the Yoast SEO plugin v27.4 - https:\/\/yoast.com\/product\/yoast-seo-wordpress\/ -->\n<title>Careers - TUFX (fr)<\/title>\n<meta name=\"robots\" content=\"index, follow, max-snippet:-1, max-image-preview:large, max-video-preview:-1\" \/>\n<link rel=\"canonical\" href=\"https:\/\/tufx-fort.com\/sites\/tufxfort\/fr\/careers\/\" \/>\n<meta property=\"og:locale\" content=\"en_US\" \/>\n<meta property=\"og:type\" content=\"article\" \/>\n<meta property=\"og:title\" content=\"Careers - TUFX (fr)\" \/>\n<meta property=\"og:description\" content=\"Carri\u00e8res TUFX-Fort Manufacturing inc. est un fabricant et un fournisseur chef de file des brouettes et des outils pour les paysagistes et les entrepreneurs en construction en Am\u00e9rique du Nord. Nous avons pour mission de cr\u00e9er d\u2019excellents produits, de tisser des liens \u00e9troits avec les clients et les distributeurs et\u2026 Continue reading\" \/>\n<meta property=\"og:url\" content=\"https:\/\/tufx-fort.com\/sites\/tufxfort\/fr\/careers\/\" \/>\n<meta property=\"og:site_name\" content=\"TUFX (fr)\" \/>\n<meta property=\"article:modified_time\" content=\"2018-12-05T19:36:34+00:00\" \/>\n<meta property=\"og:image\" content=\"http:\/\/tufx-fort.com\/sites\/tufxfort\/fr\/wp-content\/uploads\/2018\/12\/buttoncareersproductionfr.jpg\" \/>\n<meta name=\"twitter:card\" content=\"summary_large_image\" \/>\n<meta name=\"twitter:label1\" content=\"Est. reading time\" \/>\n\t<meta name=\"twitter:data1\" content=\"1 minute\" \/>\n<script type=\"application\/ld+json\" class=\"yoast-schema-graph\">{\"@context\":\"https:\\\/\\\/schema.org\",\"@graph\":[{\"@type\":\"WebPage\",\"@id\":\"https:\\\/\\\/tufx-fort.com\\\/sites\\\/tufxfort\\\/fr\\\/careers\\\/\",\"url\":\"https:\\\/\\\/tufx-fort.com\\\/sites\\\/tufxfort\\\/fr\\\/careers\\\/\",\"name\":\"Careers - TUFX (fr)\",\"isPartOf\":{\"@id\":\"https:\\\/\\\/tufx-fort.com\\\/sites\\\/tufxfort\\\/fr\\\/#website\"},\"primaryImageOfPage\":{\"@id\":\"https:\\\/\\\/tufx-fort.com\\\/sites\\\/tufxfort\\\/fr\\\/careers\\\/#primaryimage\"},\"image\":{\"@id\":\"https:\\\/\\\/tufx-fort.com\\\/sites\\\/tufxfort\\\/fr\\\/careers\\\/#primaryimage\"},\"thumbnailUrl\":\"http:\\\/\\\/tufx-fort.com\\\/sites\\\/tufxfort\\\/fr\\\/wp-content\\\/uploads\\\/2018\\\/12\\\/buttoncareersproductionfr.jpg\",\"datePublished\":\"2017-10-11T14:09:03+00:00\",\"dateModified\":\"2018-12-05T19:36:34+00:00\",\"breadcrumb\":{\"@id\":\"https:\\\/\\\/tufx-fort.com\\\/sites\\\/tufxfort\\\/fr\\\/careers\\\/#breadcrumb\"},\"inLanguage\":\"en-US\",\"potentialAction\":[{\"@type\":\"ReadAction\",\"target\":[\"https:\\\/\\\/tufx-fort.com\\\/sites\\\/tufxfort\\\/fr\\\/careers\\\/\"]}]},{\"@type\":\"ImageObject\",\"inLanguage\":\"en-US\",\"@id\":\"https:\\\/\\\/tufx-fort.com\\\/sites\\\/tufxfort\\\/fr\\\/careers\\\/#primaryimage\",\"url\":\"http:\\\/\\\/tufx-fort.com\\\/sites\\\/tufxfort\\\/fr\\\/wp-content\\\/uploads\\\/2018\\\/12\\\/buttoncareersproductionfr.jpg\",\"contentUrl\":\"http:\\\/\\\/tufx-fort.com\\\/sites\\\/tufxfort\\\/fr\\\/wp-content\\\/uploads\\\/2018\\\/12\\\/buttoncareersproductionfr.jpg\"},{\"@type\":\"BreadcrumbList\",\"@id\":\"https:\\\/\\\/tufx-fort.com\\\/sites\\\/tufxfort\\\/fr\\\/careers\\\/#breadcrumb\",\"itemListElement\":[{\"@type\":\"ListItem\",\"position\":1,\"name\":\"Home\",\"item\":\"https:\\\/\\\/tufx-fort.com\\\/sites\\\/tufxfort\\\/fr\\\/\"},{\"@type\":\"ListItem\",\"position\":2,\"name\":\"Careers\"}]},{\"@type\":\"WebSite\",\"@id\":\"https:\\\/\\\/tufx-fort.com\\\/sites\\\/tufxfort\\\/fr\\\/#website\",\"url\":\"https:\\\/\\\/tufx-fort.com\\\/sites\\\/tufxfort\\\/fr\\\/\",\"name\":\"TUFX (fr)\",\"description\":\"Con\u00e7ues pour le travail\",\"potentialAction\":[{\"@type\":\"SearchAction\",\"target\":{\"@type\":\"EntryPoint\",\"urlTemplate\":\"https:\\\/\\\/tufx-fort.com\\\/sites\\\/tufxfort\\\/fr\\\/?s={search_term_string}\"},\"query-input\":{\"@type\":\"PropertyValueSpecification\",\"valueRequired\":true,\"valueName\":\"search_term_string\"}}],\"inLanguage\":\"en-US\"}]}<\/script>\n<!-- \/ Yoast SEO plugin. -->","yoast_head_json":{"title":"Careers - TUFX (fr)","robots":{"index":"index","follow":"follow","max-snippet":"max-snippet:-1","max-image-preview":"max-image-preview:large","max-video-preview":"max-video-preview:-1"},"canonical":"https:\/\/tufx-fort.com\/sites\/tufxfort\/fr\/careers\/","og_locale":"en_US","og_type":"article","og_title":"Careers - TUFX (fr)","og_description":"Carri\u00e8res TUFX-Fort Manufacturing inc. est un fabricant et un fournisseur chef de file des brouettes et des outils pour les paysagistes et les entrepreneurs en construction en Am\u00e9rique du Nord. Nous avons pour mission de cr\u00e9er d\u2019excellents produits, de tisser des liens \u00e9troits avec les clients et les distributeurs et\u2026 Continue reading","og_url":"https:\/\/tufx-fort.com\/sites\/tufxfort\/fr\/careers\/","og_site_name":"TUFX (fr)","article_modified_time":"2018-12-05T19:36:34+00:00","og_image":[{"url":"http:\/\/tufx-fort.com\/sites\/tufxfort\/fr\/wp-content\/uploads\/2018\/12\/buttoncareersproductionfr.jpg","type":"","width":"","height":""}],"twitter_card":"summary_large_image","twitter_misc":{"Est. reading time":"1 minute"},"schema":{"@context":"https:\/\/schema.org","@graph":[{"@type":"WebPage","@id":"https:\/\/tufx-fort.com\/sites\/tufxfort\/fr\/careers\/","url":"https:\/\/tufx-fort.com\/sites\/tufxfort\/fr\/careers\/","name":"Careers - TUFX (fr)","isPartOf":{"@id":"https:\/\/tufx-fort.com\/sites\/tufxfort\/fr\/#website"},"primaryImageOfPage":{"@id":"https:\/\/tufx-fort.com\/sites\/tufxfort\/fr\/careers\/#primaryimage"},"image":{"@id":"https:\/\/tufx-fort.com\/sites\/tufxfort\/fr\/careers\/#primaryimage"},"thumbnailUrl":"http:\/\/tufx-fort.com\/sites\/tufxfort\/fr\/wp-content\/uploads\/2018\/12\/buttoncareersproductionfr.jpg","datePublished":"2017-10-11T14:09:03+00:00","dateModified":"2018-12-05T19:36:34+00:00","breadcrumb":{"@id":"https:\/\/tufx-fort.com\/sites\/tufxfort\/fr\/careers\/#breadcrumb"},"inLanguage":"en-US","potentialAction":[{"@type":"ReadAction","target":["https:\/\/tufx-fort.com\/sites\/tufxfort\/fr\/careers\/"]}]},{"@type":"ImageObject","inLanguage":"en-US","@id":"https:\/\/tufx-fort.com\/sites\/tufxfort\/fr\/careers\/#primaryimage","url":"http:\/\/tufx-fort.com\/sites\/tufxfort\/fr\/wp-content\/uploads\/2018\/12\/buttoncareersproductionfr.jpg","contentUrl":"http:\/\/tufx-fort.com\/sites\/tufxfort\/fr\/wp-content\/uploads\/2018\/12\/buttoncareersproductionfr.jpg"},{"@type":"BreadcrumbList","@id":"https:\/\/tufx-fort.com\/sites\/tufxfort\/fr\/careers\/#breadcrumb","itemListElement":[{"@type":"ListItem","position":1,"name":"Home","item":"https:\/\/tufx-fort.com\/sites\/tufxfort\/fr\/"},{"@type":"ListItem","position":2,"name":"Careers"}]},{"@type":"WebSite","@id":"https:\/\/tufx-fort.com\/sites\/tufxfort\/fr\/#website","url":"https:\/\/tufx-fort.com\/sites\/tufxfort\/fr\/","name":"TUFX (fr)","description":"Con\u00e7ues pour le travail","potentialAction":[{"@type":"SearchAction","target":{"@type":"EntryPoint","urlTemplate":"https:\/\/tufx-fort.com\/sites\/tufxfort\/fr\/?s={search_term_string}"},"query-input":{"@type":"PropertyValueSpecification","valueRequired":true,"valueName":"search_term_string"}}],"inLanguage":"en-US"}]}},"_links":{"self":[{"href":"https:\/\/tufx-fort.com\/sites\/tufxfort\/fr\/wp-json\/wp\/v2\/pages\/250","targetHints":{"allow":["GET"]}}],"collection":[{"href":"https:\/\/tufx-fort.com\/sites\/tufxfort\/fr\/wp-json\/wp\/v2\/pages"}],"about":[{"href":"https:\/\/tufx-fort.com\/sites\/tufxfort\/fr\/wp-json\/wp\/v2\/types\/page"}],"author":[{"embeddable":true,"href":"https:\/\/tufx-fort.com\/sites\/tufxfort\/fr\/wp-json\/wp\/v2\/users\/1"}],"replies":[{"embeddable":true,"href":"https:\/\/tufx-fort.com\/sites\/tufxfort\/fr\/wp-json\/wp\/v2\/comments?post=250"}],"version-history":[{"count":4,"href":"https:\/\/tufx-fort.com\/sites\/tufxfort\/fr\/wp-json\/wp\/v2\/pages\/250\/revisions"}],"predecessor-version":[{"id":757,"href":"https:\/\/tufx-fort.com\/sites\/tufxfort\/fr\/wp-json\/wp\/v2\/pages\/250\/revisions\/757"}],"wp:attachment":[{"href":"https:\/\/tufx-fort.com\/sites\/tufxfort\/fr\/wp-json\/wp\/v2\/media?parent=250"}],"curies":[{"name":"wp","href":"https:\/\/api.w.org\/{rel}","templated":true}]}}