{"id":20,"date":"2017-09-20T20:45:45","date_gmt":"2017-09-20T20:45:45","guid":{"rendered":"http:\/\/thatsclever.ca\/tufx\/?page_id=20"},"modified":"2022-07-07T18:35:13","modified_gmt":"2022-07-07T18:35:13","slug":"news","status":"publish","type":"page","link":"https:\/\/tufx-fort.com\/sites\/tufxfort\/fr\/news\/","title":{"rendered":"News"},"content":{"rendered":"<h1>Actualit\u00e9<\/h1>\n<p>Renseignez-vous sur les fa\u00e7ons dont TUFX-FORT Manufacturing inc. ne cesse de perfectionner et d\u2019actualiser ses processus afin de maintenir sa position de fabricant des brouettes de qualit\u00e9 sup\u00e9rieure les plus robustes sur le march\u00e9.<\/p>\n<p><a href=\"http:\/\/www.mirabelsmagazinecentral.com\/DigitalEdition\/index.html?id=1eda90f6-1d39-4be0-9640-d80ea8ee1d2d&#038;pn=32&#038;pv=s\"><img loading=\"lazy\" decoding=\"async\" src=\"https:\/\/tufx-fort.com\/sites\/tufxfort\/wp-content\/uploads\/2022\/07\/TUFX-Home-Improvement-Retailing-link.jpg\" alt=\"TUFX article in Home Improvement Retailing magazine\" width=\"224\" height=\"300\" class=\"alignnone size-full wp-image-776\" \/><\/a> <a href=\"http:\/\/tufx-fort.com\/sites\/tufxfort\/wp-content\/uploads\/2017\/12\/Up-For-the-Challenge-Tufx-Fort-Editorial-Piece-1.pdf\" target=\"_blank\" rel=\"noopener noreferrer\"><img loading=\"lazy\" decoding=\"async\" class=\"alignnone size-full wp-image-407\" src=\"http:\/\/tufx-fort.com\/sites\/tufxfort\/wp-content\/uploads\/2017\/09\/editorialcover-1.png\" alt=\"TUFX editorial\" width=\"232\" height=\"300\" \/><\/a> <a href=\"http:\/\/www.landscapeonline.com\/research\/article-a.php?number=29797\" target=\"_blank\" rel=\"noopener noreferrer\"><img loading=\"lazy\" decoding=\"async\" class=\"alignnone size-full wp-image-521\" src=\"http:\/\/tufx-fort.com\/sites\/tufxfort\/wp-content\/uploads\/2018\/01\/landscapeonlinelink.png\" alt=\"\" width=\"232\" height=\"300\" \/><\/a> <a href=\"http:\/\/tufx-fort.com\/sites\/tufxfort\/wp-content\/uploads\/2020\/03\/TUFX-Stick-Tool-Press-Release-Mar-2020.pdf\" target=\"_blank\" rel=\"noopener noreferrer\"><img loading=\"lazy\" decoding=\"async\" class=\"alignnone size-full wp-image-693\" src=\"http:\/\/tufx-fort.com\/sites\/tufxfort\/wp-content\/uploads\/2020\/03\/tufxsticktoolspressreleaselink.png\" alt=\"Tufx Stick Tools press release\" width=\"232\" height=\"300\" \/><\/a><\/p>\n","protected":false},"excerpt":{"rendered":"<p>Actualit\u00e9 Renseignez-vous sur les fa\u00e7ons dont TUFX-FORT Manufacturing inc. ne cesse de perfectionner et d\u2019actualiser ses processus afin de maintenir sa position de fabricant des brouettes de qualit\u00e9 sup\u00e9rieure les plus robustes sur le march\u00e9.<\/p>\n<p> <a class=\"continue-reading-link\" href=\"https:\/\/tufx-fort.com\/sites\/tufxfort\/fr\/news\/\"><span>Continue reading<\/span><i class=\"crycon-right-dir\"><\/i><\/a> <\/p>\n","protected":false},"author":1,"featured_media":0,"parent":0,"menu_order":0,"comment_status":"closed","ping_status":"closed","template":"","meta":{"footnotes":""},"class_list":["post-20","page","type-page","status-publish","hentry"],"yoast_head":"<!-- This site is optimized with the Yoast SEO plugin v27.4 - https:\/\/yoast.com\/product\/yoast-seo-wordpress\/ -->\n<title>News - TUFX (fr)<\/title>\n<meta name=\"robots\" content=\"index, follow, max-snippet:-1, max-image-preview:large, max-video-preview:-1\" \/>\n<link rel=\"canonical\" href=\"https:\/\/tufx-fort.com\/sites\/tufxfort\/fr\/news\/\" \/>\n<meta property=\"og:locale\" content=\"en_US\" \/>\n<meta property=\"og:type\" content=\"article\" \/>\n<meta property=\"og:title\" content=\"News - TUFX (fr)\" \/>\n<meta property=\"og:description\" content=\"Actualit\u00e9 Renseignez-vous sur les fa\u00e7ons dont TUFX-FORT Manufacturing inc. ne cesse de perfectionner et d\u2019actualiser ses processus afin de maintenir sa position de fabricant des brouettes de qualit\u00e9 sup\u00e9rieure les plus robustes sur le march\u00e9. Continue reading\" \/>\n<meta property=\"og:url\" content=\"https:\/\/tufx-fort.com\/sites\/tufxfort\/fr\/news\/\" \/>\n<meta property=\"og:site_name\" content=\"TUFX (fr)\" \/>\n<meta property=\"article:modified_time\" content=\"2022-07-07T18:35:13+00:00\" \/>\n<meta property=\"og:image\" content=\"https:\/\/tufx-fort.com\/sites\/tufxfort\/wp-content\/uploads\/2022\/07\/TUFX-Home-Improvement-Retailing-link.jpg\" \/>\n<meta name=\"twitter:card\" content=\"summary_large_image\" \/>\n<script type=\"application\/ld+json\" class=\"yoast-schema-graph\">{\"@context\":\"https:\\\/\\\/schema.org\",\"@graph\":[{\"@type\":\"WebPage\",\"@id\":\"https:\\\/\\\/tufx-fort.com\\\/sites\\\/tufxfort\\\/fr\\\/news\\\/\",\"url\":\"https:\\\/\\\/tufx-fort.com\\\/sites\\\/tufxfort\\\/fr\\\/news\\\/\",\"name\":\"News - TUFX (fr)\",\"isPartOf\":{\"@id\":\"https:\\\/\\\/tufx-fort.com\\\/sites\\\/tufxfort\\\/fr\\\/#website\"},\"primaryImageOfPage\":{\"@id\":\"https:\\\/\\\/tufx-fort.com\\\/sites\\\/tufxfort\\\/fr\\\/news\\\/#primaryimage\"},\"image\":{\"@id\":\"https:\\\/\\\/tufx-fort.com\\\/sites\\\/tufxfort\\\/fr\\\/news\\\/#primaryimage\"},\"thumbnailUrl\":\"https:\\\/\\\/tufx-fort.com\\\/sites\\\/tufxfort\\\/wp-content\\\/uploads\\\/2022\\\/07\\\/TUFX-Home-Improvement-Retailing-link.jpg\",\"datePublished\":\"2017-09-20T20:45:45+00:00\",\"dateModified\":\"2022-07-07T18:35:13+00:00\",\"breadcrumb\":{\"@id\":\"https:\\\/\\\/tufx-fort.com\\\/sites\\\/tufxfort\\\/fr\\\/news\\\/#breadcrumb\"},\"inLanguage\":\"en-US\",\"potentialAction\":[{\"@type\":\"ReadAction\",\"target\":[\"https:\\\/\\\/tufx-fort.com\\\/sites\\\/tufxfort\\\/fr\\\/news\\\/\"]}]},{\"@type\":\"ImageObject\",\"inLanguage\":\"en-US\",\"@id\":\"https:\\\/\\\/tufx-fort.com\\\/sites\\\/tufxfort\\\/fr\\\/news\\\/#primaryimage\",\"url\":\"https:\\\/\\\/tufx-fort.com\\\/sites\\\/tufxfort\\\/wp-content\\\/uploads\\\/2022\\\/07\\\/TUFX-Home-Improvement-Retailing-link.jpg\",\"contentUrl\":\"https:\\\/\\\/tufx-fort.com\\\/sites\\\/tufxfort\\\/wp-content\\\/uploads\\\/2022\\\/07\\\/TUFX-Home-Improvement-Retailing-link.jpg\"},{\"@type\":\"BreadcrumbList\",\"@id\":\"https:\\\/\\\/tufx-fort.com\\\/sites\\\/tufxfort\\\/fr\\\/news\\\/#breadcrumb\",\"itemListElement\":[{\"@type\":\"ListItem\",\"position\":1,\"name\":\"Home\",\"item\":\"https:\\\/\\\/tufx-fort.com\\\/sites\\\/tufxfort\\\/fr\\\/\"},{\"@type\":\"ListItem\",\"position\":2,\"name\":\"News\"}]},{\"@type\":\"WebSite\",\"@id\":\"https:\\\/\\\/tufx-fort.com\\\/sites\\\/tufxfort\\\/fr\\\/#website\",\"url\":\"https:\\\/\\\/tufx-fort.com\\\/sites\\\/tufxfort\\\/fr\\\/\",\"name\":\"TUFX (fr)\",\"description\":\"Con\u00e7ues pour le travail\",\"potentialAction\":[{\"@type\":\"SearchAction\",\"target\":{\"@type\":\"EntryPoint\",\"urlTemplate\":\"https:\\\/\\\/tufx-fort.com\\\/sites\\\/tufxfort\\\/fr\\\/?s={search_term_string}\"},\"query-input\":{\"@type\":\"PropertyValueSpecification\",\"valueRequired\":true,\"valueName\":\"search_term_string\"}}],\"inLanguage\":\"en-US\"}]}<\/script>\n<!-- \/ Yoast SEO plugin. -->","yoast_head_json":{"title":"News - TUFX (fr)","robots":{"index":"index","follow":"follow","max-snippet":"max-snippet:-1","max-image-preview":"max-image-preview:large","max-video-preview":"max-video-preview:-1"},"canonical":"https:\/\/tufx-fort.com\/sites\/tufxfort\/fr\/news\/","og_locale":"en_US","og_type":"article","og_title":"News - TUFX (fr)","og_description":"Actualit\u00e9 Renseignez-vous sur les fa\u00e7ons dont TUFX-FORT Manufacturing inc. ne cesse de perfectionner et d\u2019actualiser ses processus afin de maintenir sa position de fabricant des brouettes de qualit\u00e9 sup\u00e9rieure les plus robustes sur le march\u00e9. Continue reading","og_url":"https:\/\/tufx-fort.com\/sites\/tufxfort\/fr\/news\/","og_site_name":"TUFX (fr)","article_modified_time":"2022-07-07T18:35:13+00:00","og_image":[{"url":"https:\/\/tufx-fort.com\/sites\/tufxfort\/wp-content\/uploads\/2022\/07\/TUFX-Home-Improvement-Retailing-link.jpg","type":"","width":"","height":""}],"twitter_card":"summary_large_image","schema":{"@context":"https:\/\/schema.org","@graph":[{"@type":"WebPage","@id":"https:\/\/tufx-fort.com\/sites\/tufxfort\/fr\/news\/","url":"https:\/\/tufx-fort.com\/sites\/tufxfort\/fr\/news\/","name":"News - TUFX (fr)","isPartOf":{"@id":"https:\/\/tufx-fort.com\/sites\/tufxfort\/fr\/#website"},"primaryImageOfPage":{"@id":"https:\/\/tufx-fort.com\/sites\/tufxfort\/fr\/news\/#primaryimage"},"image":{"@id":"https:\/\/tufx-fort.com\/sites\/tufxfort\/fr\/news\/#primaryimage"},"thumbnailUrl":"https:\/\/tufx-fort.com\/sites\/tufxfort\/wp-content\/uploads\/2022\/07\/TUFX-Home-Improvement-Retailing-link.jpg","datePublished":"2017-09-20T20:45:45+00:00","dateModified":"2022-07-07T18:35:13+00:00","breadcrumb":{"@id":"https:\/\/tufx-fort.com\/sites\/tufxfort\/fr\/news\/#breadcrumb"},"inLanguage":"en-US","potentialAction":[{"@type":"ReadAction","target":["https:\/\/tufx-fort.com\/sites\/tufxfort\/fr\/news\/"]}]},{"@type":"ImageObject","inLanguage":"en-US","@id":"https:\/\/tufx-fort.com\/sites\/tufxfort\/fr\/news\/#primaryimage","url":"https:\/\/tufx-fort.com\/sites\/tufxfort\/wp-content\/uploads\/2022\/07\/TUFX-Home-Improvement-Retailing-link.jpg","contentUrl":"https:\/\/tufx-fort.com\/sites\/tufxfort\/wp-content\/uploads\/2022\/07\/TUFX-Home-Improvement-Retailing-link.jpg"},{"@type":"BreadcrumbList","@id":"https:\/\/tufx-fort.com\/sites\/tufxfort\/fr\/news\/#breadcrumb","itemListElement":[{"@type":"ListItem","position":1,"name":"Home","item":"https:\/\/tufx-fort.com\/sites\/tufxfort\/fr\/"},{"@type":"ListItem","position":2,"name":"News"}]},{"@type":"WebSite","@id":"https:\/\/tufx-fort.com\/sites\/tufxfort\/fr\/#website","url":"https:\/\/tufx-fort.com\/sites\/tufxfort\/fr\/","name":"TUFX (fr)","description":"Con\u00e7ues pour le travail","potentialAction":[{"@type":"SearchAction","target":{"@type":"EntryPoint","urlTemplate":"https:\/\/tufx-fort.com\/sites\/tufxfort\/fr\/?s={search_term_string}"},"query-input":{"@type":"PropertyValueSpecification","valueRequired":true,"valueName":"search_term_string"}}],"inLanguage":"en-US"}]}},"_links":{"self":[{"href":"https:\/\/tufx-fort.com\/sites\/tufxfort\/fr\/wp-json\/wp\/v2\/pages\/20","targetHints":{"allow":["GET"]}}],"collection":[{"href":"https:\/\/tufx-fort.com\/sites\/tufxfort\/fr\/wp-json\/wp\/v2\/pages"}],"about":[{"href":"https:\/\/tufx-fort.com\/sites\/tufxfort\/fr\/wp-json\/wp\/v2\/types\/page"}],"author":[{"embeddable":true,"href":"https:\/\/tufx-fort.com\/sites\/tufxfort\/fr\/wp-json\/wp\/v2\/users\/1"}],"replies":[{"embeddable":true,"href":"https:\/\/tufx-fort.com\/sites\/tufxfort\/fr\/wp-json\/wp\/v2\/comments?post=20"}],"version-history":[{"count":4,"href":"https:\/\/tufx-fort.com\/sites\/tufxfort\/fr\/wp-json\/wp\/v2\/pages\/20\/revisions"}],"predecessor-version":[{"id":928,"href":"https:\/\/tufx-fort.com\/sites\/tufxfort\/fr\/wp-json\/wp\/v2\/pages\/20\/revisions\/928"}],"wp:attachment":[{"href":"https:\/\/tufx-fort.com\/sites\/tufxfort\/fr\/wp-json\/wp\/v2\/media?parent=20"}],"curies":[{"name":"wp","href":"https:\/\/api.w.org\/{rel}","templated":true}]}}